{"id":507,"date":"2021-11-01T18:47:42","date_gmt":"2021-11-01T17:47:42","guid":{"rendered":"https:\/\/new.reis.partners\/mentions-legales-2\/"},"modified":"2021-11-01T18:48:46","modified_gmt":"2021-11-01T17:48:46","slug":"mentions-legales","status":"publish","type":"page","link":"https:\/\/reis.partners\/fr\/mentions-legales\/","title":{"rendered":"Mentions l\u00e9gales"},"content":{"rendered":"\n<h2 class=\"wp-block-heading\">Adresse de contact<\/h2>\n\n<p><strong>REIS Partners<\/strong><br\/>Gubelstrasse 19<br\/>CH-6300 Zoug<\/p>\n\n<p>T\u00e9l\u00e9phone: +41 44 209 60 20<br\/>E-Mail: info@reis.partners<\/p>\n\n<h2 class=\"wp-block-heading\">EXCLUSION DE RESPONSABILIT\u00c9<\/h2>\n\n<p>L\u2019auteur n\u2019assume aucune responsabilit\u00e9 quant \u00e0 l\u2019exactitude, la pr\u00e9cision, l\u2019actualit\u00e9, la fiabilit\u00e9 et l\u2019exhaustivit\u00e9 des informations.<\/p>\n\n<p>acc\u00e8s \u00e0 toute information fournie ou par son utilisation ou non-utilisation, par un usage abusif de la connexion ou des d\u00e9faillances techniques, sont exclus.<\/p>\n\n<p>Toutes les offres sont sans engagement. L\u2019auteur se r\u00e9serve express\u00e9ment le droit de modifier, de compl\u00e9ter ou de supprimer des parties de pages ou l\u2019ensemble de l\u2019offre sans annonce expresse ou d\u2019interrompre temporairement ou d\u00e9finitivement la publication.<\/p>\n\n<h2 class=\"wp-block-heading\">RESPONSABILIT\u00c9 POUR LES LIENS<\/h2>\n\n<p>Les r\u00e9f\u00e9rences et les liens vers des sites web de tiers ne rel\u00e8vent pas de notre responsabilit\u00e9. Nous d\u00e9clinons toute responsabilit\u00e9 pour ces sites. L\u2019acc\u00e8s \u00e0 ces sites et leur utilisation se font aux risques et p\u00e9rils de l\u2019utilisateur ou de l\u2019utilisatrice.<\/p>\n\n<h2 class=\"wp-block-heading\">DROITS D\u2019AUTEUR<\/h2>\n\n<p>Les droits d\u2019auteur et tous les autres droits relatifs au contenu, aux images, aux photos ou aux autres fichiers du site web appartiennent exclusivement \u00e0 REIS Partners ou aux d\u00e9tenteurs de droits d\u2019auteur sp\u00e9cifiquement d\u00e9sign\u00e9s. La reproduction de tout \u00e9l\u00e9ment est soumise au consentement \u00e9crit pr\u00e9alable des d\u00e9tenteurs des droits d\u2019auteur.<\/p>\n\n<p>Portraits: <a href=\"http:\/\/www.maratruog.com\/\">Mara Truog<\/a> <br\/>Alpinisme : Adobe Stock \u00a9 ARochau \/ Ski : Adobe Stock \u00a9 mRGB <br\/>Boxe, course cycliste, aviron : istockphoto <br\/><\/p>\n\n<h2 class=\"wp-block-heading\">Website<\/h2>\n\n<p><a href=\"https:\/\/naloo.net\" target=\"_blank\" rel=\"noreferrer noopener\">naloo . nadia loosli<\/a>, Z\u00fcrich<\/p>\n","protected":false},"excerpt":{"rendered":"<p>Adresse de contact REIS PartnersGubelstrasse 19CH-6300 Zoug T\u00e9l\u00e9phone: +41 44 209 60 20E-Mail: info@reis.partners EXCLUSION DE RESPONSABILIT\u00c9 L\u2019auteur n\u2019assume aucune responsabilit\u00e9 quant \u00e0 l\u2019exactitude, la pr\u00e9cision, l\u2019actualit\u00e9, la fiabilit\u00e9 et l\u2019exhaustivit\u00e9 des informations. acc\u00e8s \u00e0 toute information fournie ou par son utilisation ou non-utilisation, par un usage abusif de la connexion ou des d\u00e9faillances techniques, [&hellip;]<\/p>\n","protected":false},"author":1,"featured_media":0,"parent":0,"menu_order":100,"comment_status":"closed","ping_status":"closed","template":"","meta":{"_acf_changed":false,"inline_featured_image":false,"footnotes":"","_links_to":"","_links_to_target":""},"class_list":["post-507","page","type-page","status-publish","hentry"],"acf":[],"yoast_head":"<!-- This site is optimized with the Yoast SEO plugin v27.1.1 - https:\/\/yoast.com\/product\/yoast-seo-wordpress\/ -->\n<title>Mentions l\u00e9gales - REIS Partners AG<\/title>\n<meta name=\"robots\" content=\"index, follow, max-snippet:-1, max-image-preview:large, max-video-preview:-1\" \/>\n<link rel=\"canonical\" href=\"https:\/\/reis.partners\/fr\/mentions-legales\/\" \/>\n<meta property=\"og:locale\" content=\"fr_FR\" \/>\n<meta property=\"og:type\" content=\"article\" \/>\n<meta property=\"og:title\" content=\"Mentions l\u00e9gales - REIS Partners AG\" \/>\n<meta property=\"og:description\" content=\"Adresse de contact REIS PartnersGubelstrasse 19CH-6300 Zoug T\u00e9l\u00e9phone: +41 44 209 60 20E-Mail: info@reis.partners EXCLUSION DE RESPONSABILIT\u00c9 L\u2019auteur n\u2019assume aucune responsabilit\u00e9 quant \u00e0 l\u2019exactitude, la pr\u00e9cision, l\u2019actualit\u00e9, la fiabilit\u00e9 et l\u2019exhaustivit\u00e9 des informations. acc\u00e8s \u00e0 toute information fournie ou par son utilisation ou non-utilisation, par un usage abusif de la connexion ou des d\u00e9faillances techniques, [&hellip;]\" \/>\n<meta property=\"og:url\" content=\"https:\/\/reis.partners\/fr\/mentions-legales\/\" \/>\n<meta property=\"og:site_name\" content=\"REIS Partners AG\" \/>\n<meta property=\"article:modified_time\" content=\"2021-11-01T17:48:46+00:00\" \/>\n<meta name=\"twitter:card\" content=\"summary_large_image\" \/>\n<meta name=\"twitter:label1\" content=\"Dur\u00e9e de lecture estim\u00e9e\" \/>\n\t<meta name=\"twitter:data1\" content=\"1 minute\" \/>\n<script type=\"application\/ld+json\" class=\"yoast-schema-graph\">{\"@context\":\"https:\/\/schema.org\",\"@graph\":[{\"@type\":\"WebPage\",\"@id\":\"https:\/\/reis.partners\/fr\/mentions-legales\/\",\"url\":\"https:\/\/reis.partners\/fr\/mentions-legales\/\",\"name\":\"Mentions l\u00e9gales - REIS Partners AG\",\"isPartOf\":{\"@id\":\"https:\/\/reis.partners\/fr\/#website\"},\"datePublished\":\"2021-11-01T17:47:42+00:00\",\"dateModified\":\"2021-11-01T17:48:46+00:00\",\"breadcrumb\":{\"@id\":\"https:\/\/reis.partners\/fr\/mentions-legales\/#breadcrumb\"},\"inLanguage\":\"fr-FR\",\"potentialAction\":[{\"@type\":\"ReadAction\",\"target\":[\"https:\/\/reis.partners\/fr\/mentions-legales\/\"]}]},{\"@type\":\"BreadcrumbList\",\"@id\":\"https:\/\/reis.partners\/fr\/mentions-legales\/#breadcrumb\",\"itemListElement\":[{\"@type\":\"ListItem\",\"position\":1,\"name\":\"Startseite\",\"item\":\"https:\/\/reis.partners\/fr\/\"},{\"@type\":\"ListItem\",\"position\":2,\"name\":\"Mentions l\u00e9gales\"}]},{\"@type\":\"WebSite\",\"@id\":\"https:\/\/reis.partners\/fr\/#website\",\"url\":\"https:\/\/reis.partners\/fr\/\",\"name\":\"REIS Partners AG\",\"description\":\"\",\"publisher\":{\"@id\":\"https:\/\/reis.partners\/fr\/#organization\"},\"potentialAction\":[{\"@type\":\"SearchAction\",\"target\":{\"@type\":\"EntryPoint\",\"urlTemplate\":\"https:\/\/reis.partners\/fr\/?s={search_term_string}\"},\"query-input\":{\"@type\":\"PropertyValueSpecification\",\"valueRequired\":true,\"valueName\":\"search_term_string\"}}],\"inLanguage\":\"fr-FR\"},{\"@type\":\"Organization\",\"@id\":\"https:\/\/reis.partners\/fr\/#organization\",\"name\":\"REIS Partners AG\",\"url\":\"https:\/\/reis.partners\/fr\/\",\"logo\":{\"@type\":\"ImageObject\",\"inLanguage\":\"fr-FR\",\"@id\":\"https:\/\/reis.partners\/fr\/#\/schema\/logo\/image\/\",\"url\":\"https:\/\/reis.partners\/wp-content\/uploads\/2021\/11\/reis-partners-logo-blue-rgb.png\",\"contentUrl\":\"https:\/\/reis.partners\/wp-content\/uploads\/2021\/11\/reis-partners-logo-blue-rgb.png\",\"width\":1225,\"height\":469,\"caption\":\"REIS Partners AG\"},\"image\":{\"@id\":\"https:\/\/reis.partners\/fr\/#\/schema\/logo\/image\/\"}}]}<\/script>\n<!-- \/ Yoast SEO plugin. -->","yoast_head_json":{"title":"Mentions l\u00e9gales - REIS Partners AG","robots":{"index":"index","follow":"follow","max-snippet":"max-snippet:-1","max-image-preview":"max-image-preview:large","max-video-preview":"max-video-preview:-1"},"canonical":"https:\/\/reis.partners\/fr\/mentions-legales\/","og_locale":"fr_FR","og_type":"article","og_title":"Mentions l\u00e9gales - REIS Partners AG","og_description":"Adresse de contact REIS PartnersGubelstrasse 19CH-6300 Zoug T\u00e9l\u00e9phone: +41 44 209 60 20E-Mail: info@reis.partners EXCLUSION DE RESPONSABILIT\u00c9 L\u2019auteur n\u2019assume aucune responsabilit\u00e9 quant \u00e0 l\u2019exactitude, la pr\u00e9cision, l\u2019actualit\u00e9, la fiabilit\u00e9 et l\u2019exhaustivit\u00e9 des informations. acc\u00e8s \u00e0 toute information fournie ou par son utilisation ou non-utilisation, par un usage abusif de la connexion ou des d\u00e9faillances techniques, [&hellip;]","og_url":"https:\/\/reis.partners\/fr\/mentions-legales\/","og_site_name":"REIS Partners AG","article_modified_time":"2021-11-01T17:48:46+00:00","twitter_card":"summary_large_image","twitter_misc":{"Dur\u00e9e de lecture estim\u00e9e":"1 minute"},"schema":{"@context":"https:\/\/schema.org","@graph":[{"@type":"WebPage","@id":"https:\/\/reis.partners\/fr\/mentions-legales\/","url":"https:\/\/reis.partners\/fr\/mentions-legales\/","name":"Mentions l\u00e9gales - REIS Partners AG","isPartOf":{"@id":"https:\/\/reis.partners\/fr\/#website"},"datePublished":"2021-11-01T17:47:42+00:00","dateModified":"2021-11-01T17:48:46+00:00","breadcrumb":{"@id":"https:\/\/reis.partners\/fr\/mentions-legales\/#breadcrumb"},"inLanguage":"fr-FR","potentialAction":[{"@type":"ReadAction","target":["https:\/\/reis.partners\/fr\/mentions-legales\/"]}]},{"@type":"BreadcrumbList","@id":"https:\/\/reis.partners\/fr\/mentions-legales\/#breadcrumb","itemListElement":[{"@type":"ListItem","position":1,"name":"Startseite","item":"https:\/\/reis.partners\/fr\/"},{"@type":"ListItem","position":2,"name":"Mentions l\u00e9gales"}]},{"@type":"WebSite","@id":"https:\/\/reis.partners\/fr\/#website","url":"https:\/\/reis.partners\/fr\/","name":"REIS Partners AG","description":"","publisher":{"@id":"https:\/\/reis.partners\/fr\/#organization"},"potentialAction":[{"@type":"SearchAction","target":{"@type":"EntryPoint","urlTemplate":"https:\/\/reis.partners\/fr\/?s={search_term_string}"},"query-input":{"@type":"PropertyValueSpecification","valueRequired":true,"valueName":"search_term_string"}}],"inLanguage":"fr-FR"},{"@type":"Organization","@id":"https:\/\/reis.partners\/fr\/#organization","name":"REIS Partners AG","url":"https:\/\/reis.partners\/fr\/","logo":{"@type":"ImageObject","inLanguage":"fr-FR","@id":"https:\/\/reis.partners\/fr\/#\/schema\/logo\/image\/","url":"https:\/\/reis.partners\/wp-content\/uploads\/2021\/11\/reis-partners-logo-blue-rgb.png","contentUrl":"https:\/\/reis.partners\/wp-content\/uploads\/2021\/11\/reis-partners-logo-blue-rgb.png","width":1225,"height":469,"caption":"REIS Partners AG"},"image":{"@id":"https:\/\/reis.partners\/fr\/#\/schema\/logo\/image\/"}}]}},"_links":{"self":[{"href":"https:\/\/reis.partners\/fr\/wp-json\/wp\/v2\/pages\/507","targetHints":{"allow":["GET"]}}],"collection":[{"href":"https:\/\/reis.partners\/fr\/wp-json\/wp\/v2\/pages"}],"about":[{"href":"https:\/\/reis.partners\/fr\/wp-json\/wp\/v2\/types\/page"}],"author":[{"embeddable":true,"href":"https:\/\/reis.partners\/fr\/wp-json\/wp\/v2\/users\/1"}],"replies":[{"embeddable":true,"href":"https:\/\/reis.partners\/fr\/wp-json\/wp\/v2\/comments?post=507"}],"version-history":[{"count":1,"href":"https:\/\/reis.partners\/fr\/wp-json\/wp\/v2\/pages\/507\/revisions"}],"predecessor-version":[{"id":508,"href":"https:\/\/reis.partners\/fr\/wp-json\/wp\/v2\/pages\/507\/revisions\/508"}],"wp:attachment":[{"href":"https:\/\/reis.partners\/fr\/wp-json\/wp\/v2\/media?parent=507"}],"curies":[{"name":"wp","href":"https:\/\/api.w.org\/{rel}","templated":true}]}}