{"id":461,"date":"2021-11-01T15:01:08","date_gmt":"2021-11-01T14:01:08","guid":{"rendered":"https:\/\/new.reis.partners\/avons-nous-eveille-votre-curiosite\/"},"modified":"2021-11-10T18:12:41","modified_gmt":"2021-11-10T17:12:41","slug":"contact","status":"publish","type":"page","link":"https:\/\/reis.partners\/fr\/contact\/","title":{"rendered":"AVONS-NOUS \u00c9VEILL\u00c9 VOTRE CURIOSIT\u00c9 ?"},"content":{"rendered":"\n<p class=\"has-medium-font-size\">Si vous souhaitez en savoir plus sur ce qui nous motive, nous serons heureux de vous en dire plus lors d\u2019un entretien personnel et d\u2019en apprendre plus sur vos ambitions. N\u2019h\u00e9sitez pas \u00e0 prendre contact avec nous.<\/p>\n\n<div class=\"wp-block-group alignfull top-bottom-margin\"><div class=\"wp-block-group__inner-container is-layout-flow wp-block-group-is-layout-flow\">\r\n            \r\n            \r\n            \r\n            <a name='map1'><\/a>\r\n            \r\n            \r\n            \r\n            \r\n            <div class=\"wpgmza_map \"  id=\"wpgmza_map_1\" style=\"display:block; overflow:auto; width:100%; height:470px; float:left;\" data-settings='{\"id\":\"1\",\"map_title\":\"New Map\",\"map_width\":\"100\",\"map_height\":\"470\",\"map_start_lat\":\"47.289758050951946\",\"map_start_lng\":\"8.574208446214703\",\"map_start_location\":\"45.950464398418106,-109.81550500000003\",\"map_start_zoom\":\"10\",\"default_marker\":\"\",\"type\":\"1\",\"alignment\":\"4\",\"directions_enabled\":\"0\",\"styling_enabled\":\"0\",\"styling_json\":\"\",\"active\":\"0\",\"kml\":\"\",\"bicycle\":\"0\",\"traffic\":\"0\",\"dbox\":\"1\",\"dbox_width\":\"\",\"listmarkers\":\"0\",\"listmarkers_advanced\":\"0\",\"filterbycat\":\"0\",\"ugm_enabled\":\"0\",\"ugm_category_enabled\":\"0\",\"fusion\":\"\",\"map_width_type\":\"%\",\"map_height_type\":\"px\",\"mass_marker_support\":\"0\",\"ugm_access\":\"0\",\"order_markers_by\":\"1\",\"order_markers_choice\":\"1\",\"show_user_location\":\"0\",\"default_to\":\"\",\"other_settings\":{\"map_type\":1,\"sl_stroke_color\":\"#ff0000\",\"sl_fill_color\":\"#ff0000\",\"sl_stroke_opacity\":\"1\",\"sl_fill_opacity\":\"0.5\",\"transport_layer\":false,\"action\":\"wpgmza_save_map\",\"redirect_to\":\"\\\/wp-admin\\\/admin-post.php\",\"map_id\":\"1\",\"http_referer\":\"\\\/wp-admin\\\/admin.php?page=wp-google-maps-menu&amp;amp;action=edit&amp;amp;map_id=1\",\"wpgmza_id\":\"1\",\"wpgmza_start_location\":\"47.289758050951946,8.574208446214703\",\"wpgmza_start_zoom\":\"10\",\"wpgmza_theme_data\":\"[{\\\"featureType\\\": \\\"administrative\\\", \\\"elementType\\\": \\\"labels.text.fill\\\", \\\"stylers\\\": [{\\\"color\\\": \\\"#000000\\\"}]}, {\\\"featureType\\\": \\\"landscape\\\", \\\"elementType\\\": \\\"all\\\", \\\"stylers\\\": [{\\\"visibility\\\": \\\"simplified\\\"}, {\\\"color\\\": \\\"#e3e3e3\\\"}]}, {\\\"featureType\\\": \\\"landscape\\\", \\\"elementType\\\": \\\"geometry.fill\\\", \\\"stylers\\\": [{\\\"color\\\": \\\"#d6dbe3\\\"}]}, {\\\"featureType\\\": \\\"landscape.natural.landcover\\\", \\\"elementType\\\": \\\"labels.text.fill\\\", \\\"stylers\\\": [{\\\"color\\\": \\\"#000\\\"}]}, {\\\"featureType\\\": \\\"road\\\", \\\"elementType\\\": \\\"all\\\", \\\"stylers\\\": [{\\\"lightness\\\": 10}]}, {\\\"featureType\\\": \\\"road.highway\\\", \\\"elementType\\\": \\\"all\\\", \\\"stylers\\\": [{\\\"lightness\\\": 10}]}, {\\\"featureType\\\": \\\"road.arterial\\\", \\\"elementType\\\": \\\"labels.icon\\\", \\\"stylers\\\": [{\\\"visibility\\\": \\\"off\\\"}]}, {\\\"featureType\\\": \\\"transit\\\", \\\"elementType\\\": \\\"all\\\", \\\"stylers\\\": [{\\\"visibility\\\": \\\"off\\\"}]}, {\\\"featureType\\\": \\\"water\\\", \\\"elementType\\\": \\\"all\\\", \\\"stylers\\\": [{\\\"visibility\\\": \\\"on\\\"}, {\\\"color\\\": \\\"#adb7c8\\\"}]}, {\\\"featureType\\\": \\\"road.arterial\\\", \\\"stylers\\\": [{\\\"lightness\\\": 10}]}, {\\\"featureType\\\": \\\"poi\\\", \\\"stylers\\\": [{\\\"visibility\\\": \\\"off\\\"}]}, {\\\"featureType\\\": \\\"road.highway\\\", \\\"elementType\\\": \\\"geometry.stroke\\\", \\\"stylers\\\": [{\\\"visibility\\\": \\\"off\\\"}, {\\\"gamma\\\": 0}, {\\\"lightness\\\": 100}]}, {\\\"featureType\\\": \\\"road.highway\\\", \\\"elementType\\\": \\\"labels\\\", \\\"stylers\\\": [{\\\"visibility\\\": \\\"off\\\"}]}, {\\\"featureType\\\": \\\"road.highway\\\", \\\"elementType\\\": \\\"geometry.fill\\\", \\\"stylers\\\": [{\\\"visibility\\\": \\\"on\\\"}, {\\\"weight\\\": 3}, {\\\"lightness\\\": 100}]}]\",\"wpgmza_dbox_width_type\":\"%\",\"default_from\":\"\",\"directions_behaviour\":\"default\",\"force_google_directions_app\":false,\"directions_route_origin_icon\":\"https:\\\/\\\/reis.partners\\\/wp-content\\\/plugins\\\/wp-google-maps\\\/images\\\/spotlight-poi2.png\",\"directions_origin_retina\":false,\"directions_route_destination_icon\":\"https:\\\/\\\/reis.partners\\\/wp-content\\\/plugins\\\/wp-google-maps\\\/images\\\/spotlight-poi2.png\",\"directions_destination_retina\":false,\"directions_route_stroke_color\":\"#4f8df5\",\"directions_route_stroke_weight\":\"4\",\"directions_route_stroke_opacity\":\"0.8\",\"directions_fit_bounds_to_route\":false,\"store_locator_enabled\":false,\"store_locator_search_area\":\"radial\",\"wpgmza_store_locator_radius_style\":\"legacy\",\"wpgmza_store_locator_default_radius\":\"10\",\"store_locator_auto_area_max_zoom\":\"\",\"wpgmza_store_locator_restrict\":\"\",\"store_locator_distance\":false,\"wpgmza_store_locator_position\":false,\"store_locator_show_distance\":false,\"store_locator_category\":false,\"wpgmza_store_locator_use_their_location\":false,\"wpgmza_store_locator_bounce\":false,\"upload_default_sl_marker\":\"\",\"retina\":false,\"wpgmza_sl_animation\":\"0\",\"wpgmza_store_locator_hide_before_search\":false,\"store_locator_query_string\":\"\",\"store_locator_default_address\":\"\",\"store_locator_name_search\":false,\"store_locator_name_string\":\"\",\"store_locator_not_found_message\":\"\",\"wpgmza_map_align\":\"1\",\"upload_default_ul_marker\":\"\",\"jump_to_nearest_marker_on_initialization\":false,\"automatically_pan_to_users_location\":false,\"override_users_location_zoom_level\":false,\"override_users_location_zoom_levels\":\"\",\"show_distance_from_location\":false,\"map_max_zoom\":\"21\",\"map_min_zoom\":\"0\",\"click_open_link\":false,\"fit_maps_bounds_to_markers\":false,\"fit_maps_bounds_to_markers_after_filtering\":false,\"hide_point_of_interest\":false,\"wpgmza_zoom_on_marker_click\":false,\"wpgmza_zoom_on_marker_click_slider\":\"\",\"close_infowindow_on_map_click\":false,\"disable_lightbox_images\":false,\"use_Raw_Jpeg_Coordinates\":false,\"polygon_labels\":false,\"disable_polygon_info_windows\":false,\"enable_advanced_custom_fields_integration\":false,\"enable_toolset_woocommerce_integration\":false,\"only_load_markers_within_viewport\":false,\"iw_primary_color\":\"\",\"iw_accent_color\":\"\",\"iw_text_color\":\"\",\"wpgmza_listmarkers_by\":\"0\",\"wpgmza_marker_listing_position\":false,\"wpgmza_push_in_map\":false,\"wpgmza_push_in_map_placement\":\"1\",\"wpgmza_push_in_map_width\":\"\",\"wpgmza_push_in_map_height\":\"\",\"zoom_level_on_marker_listing_override\":false,\"zoom_level_on_marker_listing_click\":\"\",\"datatable_no_result_message\":\"\",\"remove_search_box_datables\":false,\"dataTable_pagination_style\":\"default\",\"datatable_search_string\":\"\",\"datatable_result_start\":\"\",\"datatable_result_of\":\"\",\"datatable_result_to\":\"\",\"datatable_result_total\":\"\",\"datatable_result_show\":\"\",\"datatable_result_entries\":\"\",\"wpgmza_savemap\":\"Karte speichern \\u00bb\",\"shortcodeAttributes\":{\"id\":\"1\"},\"upload_default_sl_marker_retina\":false,\"upload_default_ul_marker_retina\":false}}' data-map-id='1' data-shortcode-attributes='{\"id\":\"1\"}'> <\/div>\r\n            \r\n               \r\n        \n<\/div><\/div>\n\n<div class=\"wp-block-columns is-layout-flex wp-container-core-columns-is-layout-9d6595d7 wp-block-columns-is-layout-flex\">\n<div class=\"wp-block-column is-layout-flow wp-block-column-is-layout-flow\">\n<h4 class=\"wp-block-heading\">Contact<\/h4>\n\n\n\n<p>+41 44 209 60 20<br\/><a href=\"mailto:info@reis.partners\">info@reis.partners<\/a><\/p>\n<\/div>\n\n\n\n<div class=\"wp-block-column is-layout-flow wp-block-column-is-layout-flow\">\n<h4 class=\"wp-block-heading\" id=\"kontakt\">Si\u00e8ge social<\/h4>\n\n\n\n<p class=\"has-text-align-left\">Gubelstrasse 19<br\/>6300 Zoug<\/p>\n<\/div>\n\n\n\n<div class=\"wp-block-column is-layout-flow wp-block-column-is-layout-flow\">\n<h4 class=\"wp-block-heading\">Bureau<\/h4>\n\n\n\n<p>L\u00f6wenstrasse 20<br\/>8001 Zurich<\/p>\n<\/div>\n<\/div>\n","protected":false},"excerpt":{"rendered":"<p>Si vous souhaitez en savoir plus sur ce qui nous motive, nous serons heureux de vous en dire plus lors d\u2019un entretien personnel et d\u2019en apprendre plus sur vos ambitions. N\u2019h\u00e9sitez pas \u00e0 prendre contact avec nous. Contact +41 44 209 60 20info@reis.partners Si\u00e8ge social Gubelstrasse 196300 Zoug Bureau L\u00f6wenstrasse 208001 Zurich<\/p>\n","protected":false},"author":1,"featured_media":0,"parent":0,"menu_order":50,"comment_status":"closed","ping_status":"closed","template":"","meta":{"_acf_changed":false,"inline_featured_image":false,"footnotes":"","_links_to":"","_links_to_target":""},"class_list":["post-461","page","type-page","status-publish","hentry"],"acf":[],"yoast_head":"<!-- This site is optimized with the Yoast SEO plugin v27.1.1 - https:\/\/yoast.com\/product\/yoast-seo-wordpress\/ -->\n<title>AVONS-NOUS \u00c9VEILL\u00c9 VOTRE CURIOSIT\u00c9 ? - REIS Partners AG<\/title>\n<meta name=\"robots\" content=\"index, follow, max-snippet:-1, max-image-preview:large, max-video-preview:-1\" \/>\n<link rel=\"canonical\" href=\"https:\/\/reis.partners\/fr\/contact\/\" \/>\n<meta property=\"og:locale\" content=\"fr_FR\" \/>\n<meta property=\"og:type\" content=\"article\" \/>\n<meta property=\"og:title\" content=\"AVONS-NOUS \u00c9VEILL\u00c9 VOTRE CURIOSIT\u00c9 ? - REIS Partners AG\" \/>\n<meta property=\"og:description\" content=\"Si vous souhaitez en savoir plus sur ce qui nous motive, nous serons heureux de vous en dire plus lors d\u2019un entretien personnel et d\u2019en apprendre plus sur vos ambitions. N\u2019h\u00e9sitez pas \u00e0 prendre contact avec nous. Contact +41 44 209 60 20info@reis.partners Si\u00e8ge social Gubelstrasse 196300 Zoug Bureau L\u00f6wenstrasse 208001 Zurich\" \/>\n<meta property=\"og:url\" content=\"https:\/\/reis.partners\/fr\/contact\/\" \/>\n<meta property=\"og:site_name\" content=\"REIS Partners AG\" \/>\n<meta property=\"article:modified_time\" content=\"2021-11-10T17:12:41+00:00\" \/>\n<meta name=\"twitter:card\" content=\"summary_large_image\" \/>\n<meta name=\"twitter:label1\" content=\"Dur\u00e9e de lecture estim\u00e9e\" \/>\n\t<meta name=\"twitter:data1\" content=\"1 minute\" \/>\n<script type=\"application\/ld+json\" class=\"yoast-schema-graph\">{\"@context\":\"https:\/\/schema.org\",\"@graph\":[{\"@type\":\"WebPage\",\"@id\":\"https:\/\/reis.partners\/fr\/contact\/\",\"url\":\"https:\/\/reis.partners\/fr\/contact\/\",\"name\":\"AVONS-NOUS \u00c9VEILL\u00c9 VOTRE CURIOSIT\u00c9 ? - REIS Partners AG\",\"isPartOf\":{\"@id\":\"https:\/\/reis.partners\/fr\/#website\"},\"datePublished\":\"2021-11-01T14:01:08+00:00\",\"dateModified\":\"2021-11-10T17:12:41+00:00\",\"breadcrumb\":{\"@id\":\"https:\/\/reis.partners\/fr\/contact\/#breadcrumb\"},\"inLanguage\":\"fr-FR\",\"potentialAction\":[{\"@type\":\"ReadAction\",\"target\":[\"https:\/\/reis.partners\/fr\/contact\/\"]}]},{\"@type\":\"BreadcrumbList\",\"@id\":\"https:\/\/reis.partners\/fr\/contact\/#breadcrumb\",\"itemListElement\":[{\"@type\":\"ListItem\",\"position\":1,\"name\":\"Startseite\",\"item\":\"https:\/\/reis.partners\/fr\/\"},{\"@type\":\"ListItem\",\"position\":2,\"name\":\"AVONS-NOUS \u00c9VEILL\u00c9 VOTRE CURIOSIT\u00c9 ?\"}]},{\"@type\":\"WebSite\",\"@id\":\"https:\/\/reis.partners\/fr\/#website\",\"url\":\"https:\/\/reis.partners\/fr\/\",\"name\":\"REIS Partners AG\",\"description\":\"\",\"publisher\":{\"@id\":\"https:\/\/reis.partners\/fr\/#organization\"},\"potentialAction\":[{\"@type\":\"SearchAction\",\"target\":{\"@type\":\"EntryPoint\",\"urlTemplate\":\"https:\/\/reis.partners\/fr\/?s={search_term_string}\"},\"query-input\":{\"@type\":\"PropertyValueSpecification\",\"valueRequired\":true,\"valueName\":\"search_term_string\"}}],\"inLanguage\":\"fr-FR\"},{\"@type\":\"Organization\",\"@id\":\"https:\/\/reis.partners\/fr\/#organization\",\"name\":\"REIS Partners AG\",\"url\":\"https:\/\/reis.partners\/fr\/\",\"logo\":{\"@type\":\"ImageObject\",\"inLanguage\":\"fr-FR\",\"@id\":\"https:\/\/reis.partners\/fr\/#\/schema\/logo\/image\/\",\"url\":\"https:\/\/reis.partners\/wp-content\/uploads\/2021\/11\/reis-partners-logo-blue-rgb.png\",\"contentUrl\":\"https:\/\/reis.partners\/wp-content\/uploads\/2021\/11\/reis-partners-logo-blue-rgb.png\",\"width\":1225,\"height\":469,\"caption\":\"REIS Partners AG\"},\"image\":{\"@id\":\"https:\/\/reis.partners\/fr\/#\/schema\/logo\/image\/\"}}]}<\/script>\n<!-- \/ Yoast SEO plugin. -->","yoast_head_json":{"title":"AVONS-NOUS \u00c9VEILL\u00c9 VOTRE CURIOSIT\u00c9 ? - REIS Partners AG","robots":{"index":"index","follow":"follow","max-snippet":"max-snippet:-1","max-image-preview":"max-image-preview:large","max-video-preview":"max-video-preview:-1"},"canonical":"https:\/\/reis.partners\/fr\/contact\/","og_locale":"fr_FR","og_type":"article","og_title":"AVONS-NOUS \u00c9VEILL\u00c9 VOTRE CURIOSIT\u00c9 ? - REIS Partners AG","og_description":"Si vous souhaitez en savoir plus sur ce qui nous motive, nous serons heureux de vous en dire plus lors d\u2019un entretien personnel et d\u2019en apprendre plus sur vos ambitions. N\u2019h\u00e9sitez pas \u00e0 prendre contact avec nous. Contact +41 44 209 60 20info@reis.partners Si\u00e8ge social Gubelstrasse 196300 Zoug Bureau L\u00f6wenstrasse 208001 Zurich","og_url":"https:\/\/reis.partners\/fr\/contact\/","og_site_name":"REIS Partners AG","article_modified_time":"2021-11-10T17:12:41+00:00","twitter_card":"summary_large_image","twitter_misc":{"Dur\u00e9e de lecture estim\u00e9e":"1 minute"},"schema":{"@context":"https:\/\/schema.org","@graph":[{"@type":"WebPage","@id":"https:\/\/reis.partners\/fr\/contact\/","url":"https:\/\/reis.partners\/fr\/contact\/","name":"AVONS-NOUS \u00c9VEILL\u00c9 VOTRE CURIOSIT\u00c9 ? - REIS Partners AG","isPartOf":{"@id":"https:\/\/reis.partners\/fr\/#website"},"datePublished":"2021-11-01T14:01:08+00:00","dateModified":"2021-11-10T17:12:41+00:00","breadcrumb":{"@id":"https:\/\/reis.partners\/fr\/contact\/#breadcrumb"},"inLanguage":"fr-FR","potentialAction":[{"@type":"ReadAction","target":["https:\/\/reis.partners\/fr\/contact\/"]}]},{"@type":"BreadcrumbList","@id":"https:\/\/reis.partners\/fr\/contact\/#breadcrumb","itemListElement":[{"@type":"ListItem","position":1,"name":"Startseite","item":"https:\/\/reis.partners\/fr\/"},{"@type":"ListItem","position":2,"name":"AVONS-NOUS \u00c9VEILL\u00c9 VOTRE CURIOSIT\u00c9 ?"}]},{"@type":"WebSite","@id":"https:\/\/reis.partners\/fr\/#website","url":"https:\/\/reis.partners\/fr\/","name":"REIS Partners AG","description":"","publisher":{"@id":"https:\/\/reis.partners\/fr\/#organization"},"potentialAction":[{"@type":"SearchAction","target":{"@type":"EntryPoint","urlTemplate":"https:\/\/reis.partners\/fr\/?s={search_term_string}"},"query-input":{"@type":"PropertyValueSpecification","valueRequired":true,"valueName":"search_term_string"}}],"inLanguage":"fr-FR"},{"@type":"Organization","@id":"https:\/\/reis.partners\/fr\/#organization","name":"REIS Partners AG","url":"https:\/\/reis.partners\/fr\/","logo":{"@type":"ImageObject","inLanguage":"fr-FR","@id":"https:\/\/reis.partners\/fr\/#\/schema\/logo\/image\/","url":"https:\/\/reis.partners\/wp-content\/uploads\/2021\/11\/reis-partners-logo-blue-rgb.png","contentUrl":"https:\/\/reis.partners\/wp-content\/uploads\/2021\/11\/reis-partners-logo-blue-rgb.png","width":1225,"height":469,"caption":"REIS Partners AG"},"image":{"@id":"https:\/\/reis.partners\/fr\/#\/schema\/logo\/image\/"}}]}},"_links":{"self":[{"href":"https:\/\/reis.partners\/fr\/wp-json\/wp\/v2\/pages\/461","targetHints":{"allow":["GET"]}}],"collection":[{"href":"https:\/\/reis.partners\/fr\/wp-json\/wp\/v2\/pages"}],"about":[{"href":"https:\/\/reis.partners\/fr\/wp-json\/wp\/v2\/types\/page"}],"author":[{"embeddable":true,"href":"https:\/\/reis.partners\/fr\/wp-json\/wp\/v2\/users\/1"}],"replies":[{"embeddable":true,"href":"https:\/\/reis.partners\/fr\/wp-json\/wp\/v2\/comments?post=461"}],"version-history":[{"count":5,"href":"https:\/\/reis.partners\/fr\/wp-json\/wp\/v2\/pages\/461\/revisions"}],"predecessor-version":[{"id":628,"href":"https:\/\/reis.partners\/fr\/wp-json\/wp\/v2\/pages\/461\/revisions\/628"}],"wp:attachment":[{"href":"https:\/\/reis.partners\/fr\/wp-json\/wp\/v2\/media?parent=461"}],"curies":[{"name":"wp","href":"https:\/\/api.w.org\/{rel}","templated":true}]}}