{"id":455,"date":"2021-11-01T14:48:02","date_gmt":"2021-11-01T13:48:02","guid":{"rendered":"https:\/\/new.reis.partners\/offre\/"},"modified":"2021-11-29T18:59:28","modified_gmt":"2021-11-29T17:59:28","slug":"offre","status":"publish","type":"page","link":"https:\/\/reis.partners\/fr\/offre\/","title":{"rendered":"Offre"},"content":{"rendered":"\n<p class=\"has-medium-font-size\">Le lancement et le d\u00e9veloppement de titres immobiliers ne se font pas \u00e0 la l\u00e9g\u00e8re. Ils demandent une planification soigneuse et une mise en \u0153uvre intelligente. Avec notre expertise nous accompagnons les promoteurs en qu\u00eate d\u2019une ligne ascensionnelle et leur \u00e9vitons une perte de temps et d\u2019argent. Nous sommes \u00e0 leurs c\u00f4t\u00e9s, conscients des risques et forts de notre exp\u00e9rience, d\u00e9gageant un chemin s\u00fbr et pratique vers leur but.<\/p>\n\n\n\n<div class=\"wp-block-nk-awb nk-awb  alignfull nk-awb-3Ahn8\"><div class=\"nk-awb-wrap\" data-awb-type=\"image\" data-awb-image-background-size=\"cover\" data-awb-image-background-position=\"56% 38%\" data-awb-parallax=\"scroll\" data-awb-parallax-speed=\"0.5\" data-awb-parallax-mobile=\"false\"><div class=\"nk-awb-inner\"><img loading=\"lazy\" decoding=\"async\" src=\"https:\/\/reis.partners\/wp-content\/uploads\/2021\/10\/bergsteigen-scaled.jpg\" class=\"wp-image-419 jarallax-img is-layout-constrained wp-block-nk-awb-is-layout-constrained\" width=\"2560\" height=\"2009\" srcset=\"https:\/\/reis.partners\/wp-content\/uploads\/2021\/10\/bergsteigen-scaled.jpg 2560w, https:\/\/reis.partners\/wp-content\/uploads\/2021\/10\/bergsteigen-450x353.jpg 450w, https:\/\/reis.partners\/wp-content\/uploads\/2021\/10\/bergsteigen-1400x1099.jpg 1400w, https:\/\/reis.partners\/wp-content\/uploads\/2021\/10\/bergsteigen-300x235.jpg 300w, https:\/\/reis.partners\/wp-content\/uploads\/2021\/10\/bergsteigen-768x603.jpg 768w, https:\/\/reis.partners\/wp-content\/uploads\/2021\/10\/bergsteigen-1536x1205.jpg 1536w, https:\/\/reis.partners\/wp-content\/uploads\/2021\/10\/bergsteigen-2048x1607.jpg 2048w, https:\/\/reis.partners\/wp-content\/uploads\/2021\/10\/bergsteigen-500x392.jpg 500w, https:\/\/reis.partners\/wp-content\/uploads\/2021\/10\/bergsteigen-800x628.jpg 800w, https:\/\/reis.partners\/wp-content\/uploads\/2021\/10\/bergsteigen-1280x1005.jpg 1280w, https:\/\/reis.partners\/wp-content\/uploads\/2021\/10\/bergsteigen-1920x1507.jpg 1920w\" sizes=\"auto, (max-width: 2560px) 100vw, 2560px\" \/><\/div><\/div>\n<div class=\"wp-block-columns alignfull wrapper-box is-layout-flex wp-container-core-columns-is-layout-9d6595d7 wp-block-columns-is-layout-flex\">\n<div class=\"wp-block-column wrapper-left is-layout-flow wp-block-column-is-layout-flow\"><\/div>\n\n\n\n<div class=\"wp-block-column wrapper-center is-layout-flow wp-block-column-is-layout-flow\" style=\"flex-basis:880px\">\n<p>Aller jusqu\u2019au bout du chemin. <br>Dans diff\u00e9rents domaines.<\/p>\n<\/div>\n\n\n\n<div class=\"wp-block-column wrapper-right is-layout-flow wp-block-column-is-layout-flow\"><\/div>\n<\/div>\n<\/div>\n\n\n\n<h2 class=\"wp-block-heading\">DISCIPLINES DIVERSES, OBJECTIFS \u00c9LEV\u00c9S<\/h2>\n\n\n\n<p>Sp\u00e9cialiste ind\u00e9pendant et entrepreneurial du march\u00e9 immobilier national, nous soutenons de notre expertise les promoteurs de v\u00e9hicules d\u2019investissement immobilier. Depuis le tableau de conf\u00e9rence encore vierge du workshop de strat\u00e9gie jusqu\u2019au positionnement rigoureux et \u00e0 l&rsquo;\u00e9tablissement du titre sur le march\u00e9. Nous faisons b\u00e9n\u00e9ficier \u00e0 nos clients de notre longue exp\u00e9rience dans la structuration, le lead management et le placement de transactions sur le march\u00e9 des capitaux pour des v\u00e9hicules d&rsquo;investissement immobilier cot\u00e9s et non cot\u00e9s en Suisse.<\/p>\n\n\n\n<p>Nous sommes aux c\u00f4t\u00e9s des fournisseurs de produits d&rsquo;investissement immobilier sur leur parcours de d\u00e9veloppement. Pas \u00e0 pas, par \u00e9tapes ou sur l&rsquo;ensemble du parcours. Ceci dans les disciplines suivantes :<\/p>\n\n\n\n<ul class=\"withmargin wp-block-list\"><li>Conseil en strat\u00e9gie<\/li><li>D\u00e9veloppement de produit<\/li><li>Positionnement sur le march\u00e9<\/li><li>\u00c9tudes de faisabilit\u00e9<\/li><li>Conseil en march\u00e9 des capitaux (\u00e9missions, IPO)<\/li><li>\u00c9missions<\/li><li>Syndications<\/li><li>Fusions et acquisitions<\/li><li>Relations\/communication avec les investisseurs<\/li><\/ul>\n\n\n\n<h2 class=\"wp-block-heading\">R\u00c9UNIR BONS PRODUITS ET BONS INVESTISSEURS.<\/h2>\n\n\n\n<p>REIS Partners entretient, de longue date, un dense r\u00e9seau d\u2019investisseurs professionnels et institutionnels suisses. Nous sommes en dialogue permanent avec les acteurs majeurs et les investisseurs de poids de l&rsquo;industrie et sommes ainsi en permanence \u00e0 l&rsquo;\u00e9coute du march\u00e9 pour notre client\u00e8le. Vous envisagez un nouveau v\u00e9hicule d\u2019investissement ? Nous sondons le march\u00e9 et vous faisons part de nos conclusions. Ensemble, nous analysons et condensons les param\u00e8tres, et cr\u00e9ons la meilleure base possible pour le lancement r\u00e9ussi de votre produit d&rsquo;investissement.<\/p>\n\n\n\n<p>Pr\u00e9parer et mettre en place le produit comme il se doit est essentiel. Pour la lev\u00e9e de fonds propres, il suffit alors de se retrousser les manches.<\/p>\n\n\n\n<div class=\"wp-block-group alignfull has-background\" style=\"background-color:#d6dbe3\"><div class=\"wp-block-group__inner-container is-layout-flow wp-block-group-is-layout-flow\">\n<div id=\"wooslider-id-1\" class=\"wooslider wooslider-id-1 wooslider-type-slides wooslider-theme-default\"><ul class=\"slides\">\n\n\n\n<li class=\"slide\">\n<div class=\"slide-content\">\n<blockquote class=\"wp-block-quote\"><p>\u00ab REIS Partners nous donne acc\u00e8s \u00e0 de nouvelles et passionnantes opportunit\u00e9s d\u2019investissement. Nous appr\u00e9cions aussi particuli\u00e8rement le fait que Boris et Taner privil\u00e9gient le soutien \u00e0 long terme des investisseurs plut\u00f4t que le succ\u00e8s des acquisitions \u00e0 court terme. \u00bb<\/p>\n<p><cite><strong>J\u00fcrg Burri<\/strong><br \/>\nResponsable des placements financiers, Visana Services AG<\/cite><\/p><\/blockquote>\n\n<\/div>\n<\/li>\n\n\n\n\n<li class=\"slide\">\n<div class=\"slide-content\">\n<blockquote class=\"wp-block-quote\"><p>\u00ab Boris Guggenheim et Taner Alicehic r\u00e9unissent les gestionnaires immobiliers et les investisseurs dans un cadre agr\u00e9able. J\u2019en appr\u00e9cie le haut niveau de professionnalisme, les \u00e9changes personnels et l\u2019accessibilit\u00e9 \u2013 les deux associ\u00e9s sont disponibles 24 heures sur 24. \u00bb<\/p>\n<p><cite><strong>Gestionnaire d\u2019actifs, Zurich<\/strong><br \/>\nClient anonymis\u00e9 pour des raisons de discr\u00e9tion<\/cite><\/p><\/blockquote>\n\n<\/div>\n<\/li>\n\n\n\n\n<li class=\"slide\" data-wooslidercontent=\"&lt;div class=&quot;slide-content&quot;&gt;\n&lt;blockquote class=&quot;wp-block-quote&quot;&gt;&lt;p&gt;\u00ab En tant qu\u2019investisseur, nous b\u00e9n\u00e9ficions du plus professionnel des soutiens et d\u2019informations transparentes, le tout depuis une source unique. C\u2019est tr\u00e8s utile pour nos d\u00e9cisions d\u2019investissement. \u00bb&lt;br \/&gt;\n&lt;cite&gt;&lt;strong&gt;Michel Winkler&lt;\/strong&gt;&lt;br \/&gt;\nGestionnaire de portefeuille placements immobiliers indirects, IST Fondation d\u2019investissement&lt;\/cite&gt;&lt;\/p&gt;&lt;\/blockquote&gt;\n\n&lt;\/div&gt;\n\"><\/li>\n\n\n\n\n<li class=\"slide\" data-wooslidercontent=\"&lt;div class=&quot;slide-content&quot;&gt;\n&lt;blockquote class=&quot;wp-block-quote&quot;&gt;&lt;p&gt;\u00ab En tant qu\u2019investisseur, nous b\u00e9n\u00e9ficions du plus professionnel des soutiens et d\u2019informations transparentes, le tout depuis une source unique. C\u2019est tr\u00e8s utile pour nos d\u00e9cisions d\u2019investissement. \u00bb&lt;\/p&gt;\n&lt;p&gt;&lt;cite&gt;&lt;strong&gt;Michel Winkler&lt;\/strong&gt;&lt;br \/&gt;\nGestionnaire de portefeuille placements immobiliers indirects, IST Fondation d\u2019investissement &lt;\/cite&gt;&lt;\/p&gt;&lt;\/blockquote&gt;\n\n&lt;\/div&gt;\n\"><\/li>\n\n\n\n<\/ul><\/div>\n\n\n<\/div><\/div>\n","protected":false},"excerpt":{"rendered":"<p>Le lancement et le d\u00e9veloppement de titres immobiliers ne se font pas \u00e0 la l\u00e9g\u00e8re. Ils demandent une planification soigneuse et une mise en \u0153uvre intelligente. Avec notre expertise nous accompagnons les promoteurs en qu\u00eate d\u2019une ligne ascensionnelle et leur \u00e9vitons une perte de temps et d\u2019argent. Nous sommes \u00e0 leurs c\u00f4t\u00e9s, conscients des risques [&hellip;]<\/p>\n","protected":false},"author":1,"featured_media":0,"parent":0,"menu_order":20,"comment_status":"closed","ping_status":"closed","template":"","meta":{"_acf_changed":false,"inline_featured_image":false,"footnotes":"","_links_to":"","_links_to_target":""},"class_list":["post-455","page","type-page","status-publish","hentry"],"acf":[],"yoast_head":"<!-- This site is optimized with the Yoast SEO plugin v27.1.1 - https:\/\/yoast.com\/product\/yoast-seo-wordpress\/ -->\n<title>Offre - REIS Partners AG<\/title>\n<meta name=\"robots\" content=\"index, follow, max-snippet:-1, max-image-preview:large, max-video-preview:-1\" \/>\n<link rel=\"canonical\" href=\"https:\/\/reis.partners\/fr\/offre\/\" \/>\n<meta property=\"og:locale\" content=\"fr_FR\" \/>\n<meta property=\"og:type\" content=\"article\" \/>\n<meta property=\"og:title\" content=\"Offre - REIS Partners AG\" \/>\n<meta property=\"og:description\" content=\"Le lancement et le d\u00e9veloppement de titres immobiliers ne se font pas \u00e0 la l\u00e9g\u00e8re. Ils demandent une planification soigneuse et une mise en \u0153uvre intelligente. Avec notre expertise nous accompagnons les promoteurs en qu\u00eate d\u2019une ligne ascensionnelle et leur \u00e9vitons une perte de temps et d\u2019argent. Nous sommes \u00e0 leurs c\u00f4t\u00e9s, conscients des risques [&hellip;]\" \/>\n<meta property=\"og:url\" content=\"https:\/\/reis.partners\/fr\/offre\/\" \/>\n<meta property=\"og:site_name\" content=\"REIS Partners AG\" \/>\n<meta property=\"article:modified_time\" content=\"2021-11-29T17:59:28+00:00\" \/>\n<meta property=\"og:image\" content=\"https:\/\/reis.partners\/wp-content\/uploads\/2021\/10\/bergsteigen-scaled.jpg\" \/>\n<meta name=\"twitter:card\" content=\"summary_large_image\" \/>\n<meta name=\"twitter:label1\" content=\"Dur\u00e9e de lecture estim\u00e9e\" \/>\n\t<meta name=\"twitter:data1\" content=\"2 minutes\" \/>\n<script type=\"application\/ld+json\" class=\"yoast-schema-graph\">{\"@context\":\"https:\/\/schema.org\",\"@graph\":[{\"@type\":\"WebPage\",\"@id\":\"https:\/\/reis.partners\/fr\/offre\/\",\"url\":\"https:\/\/reis.partners\/fr\/offre\/\",\"name\":\"Offre - REIS Partners AG\",\"isPartOf\":{\"@id\":\"https:\/\/reis.partners\/fr\/#website\"},\"primaryImageOfPage\":{\"@id\":\"https:\/\/reis.partners\/fr\/offre\/#primaryimage\"},\"image\":{\"@id\":\"https:\/\/reis.partners\/fr\/offre\/#primaryimage\"},\"thumbnailUrl\":\"https:\/\/reis.partners\/wp-content\/uploads\/2021\/10\/bergsteigen-scaled.jpg\",\"datePublished\":\"2021-11-01T13:48:02+00:00\",\"dateModified\":\"2021-11-29T17:59:28+00:00\",\"breadcrumb\":{\"@id\":\"https:\/\/reis.partners\/fr\/offre\/#breadcrumb\"},\"inLanguage\":\"fr-FR\",\"potentialAction\":[{\"@type\":\"ReadAction\",\"target\":[\"https:\/\/reis.partners\/fr\/offre\/\"]}]},{\"@type\":\"ImageObject\",\"inLanguage\":\"fr-FR\",\"@id\":\"https:\/\/reis.partners\/fr\/offre\/#primaryimage\",\"url\":\"https:\/\/reis.partners\/wp-content\/uploads\/2021\/10\/bergsteigen-scaled.jpg\",\"contentUrl\":\"https:\/\/reis.partners\/wp-content\/uploads\/2021\/10\/bergsteigen-scaled.jpg\"},{\"@type\":\"BreadcrumbList\",\"@id\":\"https:\/\/reis.partners\/fr\/offre\/#breadcrumb\",\"itemListElement\":[{\"@type\":\"ListItem\",\"position\":1,\"name\":\"Startseite\",\"item\":\"https:\/\/reis.partners\/fr\/\"},{\"@type\":\"ListItem\",\"position\":2,\"name\":\"Offre\"}]},{\"@type\":\"WebSite\",\"@id\":\"https:\/\/reis.partners\/fr\/#website\",\"url\":\"https:\/\/reis.partners\/fr\/\",\"name\":\"REIS Partners AG\",\"description\":\"\",\"publisher\":{\"@id\":\"https:\/\/reis.partners\/fr\/#organization\"},\"potentialAction\":[{\"@type\":\"SearchAction\",\"target\":{\"@type\":\"EntryPoint\",\"urlTemplate\":\"https:\/\/reis.partners\/fr\/?s={search_term_string}\"},\"query-input\":{\"@type\":\"PropertyValueSpecification\",\"valueRequired\":true,\"valueName\":\"search_term_string\"}}],\"inLanguage\":\"fr-FR\"},{\"@type\":\"Organization\",\"@id\":\"https:\/\/reis.partners\/fr\/#organization\",\"name\":\"REIS Partners AG\",\"url\":\"https:\/\/reis.partners\/fr\/\",\"logo\":{\"@type\":\"ImageObject\",\"inLanguage\":\"fr-FR\",\"@id\":\"https:\/\/reis.partners\/fr\/#\/schema\/logo\/image\/\",\"url\":\"https:\/\/reis.partners\/wp-content\/uploads\/2021\/11\/reis-partners-logo-blue-rgb.png\",\"contentUrl\":\"https:\/\/reis.partners\/wp-content\/uploads\/2021\/11\/reis-partners-logo-blue-rgb.png\",\"width\":1225,\"height\":469,\"caption\":\"REIS Partners AG\"},\"image\":{\"@id\":\"https:\/\/reis.partners\/fr\/#\/schema\/logo\/image\/\"}}]}<\/script>\n<!-- \/ Yoast SEO plugin. -->","yoast_head_json":{"title":"Offre - REIS Partners AG","robots":{"index":"index","follow":"follow","max-snippet":"max-snippet:-1","max-image-preview":"max-image-preview:large","max-video-preview":"max-video-preview:-1"},"canonical":"https:\/\/reis.partners\/fr\/offre\/","og_locale":"fr_FR","og_type":"article","og_title":"Offre - REIS Partners AG","og_description":"Le lancement et le d\u00e9veloppement de titres immobiliers ne se font pas \u00e0 la l\u00e9g\u00e8re. Ils demandent une planification soigneuse et une mise en \u0153uvre intelligente. Avec notre expertise nous accompagnons les promoteurs en qu\u00eate d\u2019une ligne ascensionnelle et leur \u00e9vitons une perte de temps et d\u2019argent. Nous sommes \u00e0 leurs c\u00f4t\u00e9s, conscients des risques [&hellip;]","og_url":"https:\/\/reis.partners\/fr\/offre\/","og_site_name":"REIS Partners AG","article_modified_time":"2021-11-29T17:59:28+00:00","og_image":[{"url":"https:\/\/reis.partners\/wp-content\/uploads\/2021\/10\/bergsteigen-scaled.jpg","type":"","width":"","height":""}],"twitter_card":"summary_large_image","twitter_misc":{"Dur\u00e9e de lecture estim\u00e9e":"2 minutes"},"schema":{"@context":"https:\/\/schema.org","@graph":[{"@type":"WebPage","@id":"https:\/\/reis.partners\/fr\/offre\/","url":"https:\/\/reis.partners\/fr\/offre\/","name":"Offre - REIS Partners AG","isPartOf":{"@id":"https:\/\/reis.partners\/fr\/#website"},"primaryImageOfPage":{"@id":"https:\/\/reis.partners\/fr\/offre\/#primaryimage"},"image":{"@id":"https:\/\/reis.partners\/fr\/offre\/#primaryimage"},"thumbnailUrl":"https:\/\/reis.partners\/wp-content\/uploads\/2021\/10\/bergsteigen-scaled.jpg","datePublished":"2021-11-01T13:48:02+00:00","dateModified":"2021-11-29T17:59:28+00:00","breadcrumb":{"@id":"https:\/\/reis.partners\/fr\/offre\/#breadcrumb"},"inLanguage":"fr-FR","potentialAction":[{"@type":"ReadAction","target":["https:\/\/reis.partners\/fr\/offre\/"]}]},{"@type":"ImageObject","inLanguage":"fr-FR","@id":"https:\/\/reis.partners\/fr\/offre\/#primaryimage","url":"https:\/\/reis.partners\/wp-content\/uploads\/2021\/10\/bergsteigen-scaled.jpg","contentUrl":"https:\/\/reis.partners\/wp-content\/uploads\/2021\/10\/bergsteigen-scaled.jpg"},{"@type":"BreadcrumbList","@id":"https:\/\/reis.partners\/fr\/offre\/#breadcrumb","itemListElement":[{"@type":"ListItem","position":1,"name":"Startseite","item":"https:\/\/reis.partners\/fr\/"},{"@type":"ListItem","position":2,"name":"Offre"}]},{"@type":"WebSite","@id":"https:\/\/reis.partners\/fr\/#website","url":"https:\/\/reis.partners\/fr\/","name":"REIS Partners AG","description":"","publisher":{"@id":"https:\/\/reis.partners\/fr\/#organization"},"potentialAction":[{"@type":"SearchAction","target":{"@type":"EntryPoint","urlTemplate":"https:\/\/reis.partners\/fr\/?s={search_term_string}"},"query-input":{"@type":"PropertyValueSpecification","valueRequired":true,"valueName":"search_term_string"}}],"inLanguage":"fr-FR"},{"@type":"Organization","@id":"https:\/\/reis.partners\/fr\/#organization","name":"REIS Partners AG","url":"https:\/\/reis.partners\/fr\/","logo":{"@type":"ImageObject","inLanguage":"fr-FR","@id":"https:\/\/reis.partners\/fr\/#\/schema\/logo\/image\/","url":"https:\/\/reis.partners\/wp-content\/uploads\/2021\/11\/reis-partners-logo-blue-rgb.png","contentUrl":"https:\/\/reis.partners\/wp-content\/uploads\/2021\/11\/reis-partners-logo-blue-rgb.png","width":1225,"height":469,"caption":"REIS Partners AG"},"image":{"@id":"https:\/\/reis.partners\/fr\/#\/schema\/logo\/image\/"}}]}},"_links":{"self":[{"href":"https:\/\/reis.partners\/fr\/wp-json\/wp\/v2\/pages\/455","targetHints":{"allow":["GET"]}}],"collection":[{"href":"https:\/\/reis.partners\/fr\/wp-json\/wp\/v2\/pages"}],"about":[{"href":"https:\/\/reis.partners\/fr\/wp-json\/wp\/v2\/types\/page"}],"author":[{"embeddable":true,"href":"https:\/\/reis.partners\/fr\/wp-json\/wp\/v2\/users\/1"}],"replies":[{"embeddable":true,"href":"https:\/\/reis.partners\/fr\/wp-json\/wp\/v2\/comments?post=455"}],"version-history":[{"count":32,"href":"https:\/\/reis.partners\/fr\/wp-json\/wp\/v2\/pages\/455\/revisions"}],"predecessor-version":[{"id":763,"href":"https:\/\/reis.partners\/fr\/wp-json\/wp\/v2\/pages\/455\/revisions\/763"}],"wp:attachment":[{"href":"https:\/\/reis.partners\/fr\/wp-json\/wp\/v2\/media?parent=455"}],"curies":[{"name":"wp","href":"https:\/\/api.w.org\/{rel}","templated":true}]}}