{"id":453,"date":"2021-11-01T14:41:52","date_gmt":"2021-11-01T13:41:52","guid":{"rendered":"https:\/\/new.reis.partners\/qui-sommes-nous\/"},"modified":"2025-07-09T15:14:02","modified_gmt":"2025-07-09T13:14:02","slug":"qui-sommes-nous","status":"publish","type":"page","link":"https:\/\/reis.partners\/fr\/qui-sommes-nous\/","title":{"rendered":"Qui sommes-nous?"},"content":{"rendered":"\n<p class=\"has-medium-font-size\">Quiconque a l\u2019intention de d\u00e9velopper des produits de fonds immobiliers sera bien avis\u00e9 de s\u2019assurer le concours d\u2019un partenaire externe capable d\u2019amener une dose de punch suppl\u00e9mentaire. Sous forme d\u2019une expertise, d\u2019un r\u00e9seau et de la volont\u00e9 de donner et de recevoir de mani\u00e8re constructive. Avec la meilleure solution en ligne de mire. C\u2019est l\u00e0 notre engagement. En collaboration avec nos clients.<\/p>\n\n\n\n<div class=\"wp-block-nk-awb nk-awb alignfull nk-awb-ZgKuc6 textimg\"><div class=\"nk-awb-wrap\" data-awb-type=\"image\" data-awb-parallax=\"scroll\" data-awb-parallax-speed=\"0.5\" data-awb-parallax-mobile=\"false\" data-awb-image-background-size=\"cover\" data-awb-image-background-position=\"40% 26%\"><div class=\"nk-awb-inner\"><img loading=\"lazy\" decoding=\"async\" src=\"https:\/\/reis.partners\/wp-content\/uploads\/2021\/10\/boxen-scaled.jpg\" class=\"wp-image-105 jarallax-img\" width=\"2560\" height=\"1709\" srcset=\"https:\/\/reis.partners\/wp-content\/uploads\/2021\/10\/boxen-scaled.jpg 2560w, https:\/\/reis.partners\/wp-content\/uploads\/2021\/10\/boxen-450x300.jpg 450w, https:\/\/reis.partners\/wp-content\/uploads\/2021\/10\/boxen-1400x934.jpg 1400w, https:\/\/reis.partners\/wp-content\/uploads\/2021\/10\/boxen-300x200.jpg 300w, https:\/\/reis.partners\/wp-content\/uploads\/2021\/10\/boxen-768x513.jpg 768w, https:\/\/reis.partners\/wp-content\/uploads\/2021\/10\/boxen-1536x1025.jpg 1536w, https:\/\/reis.partners\/wp-content\/uploads\/2021\/10\/boxen-2048x1367.jpg 2048w, https:\/\/reis.partners\/wp-content\/uploads\/2021\/10\/boxen-500x334.jpg 500w, https:\/\/reis.partners\/wp-content\/uploads\/2021\/10\/boxen-800x534.jpg 800w, https:\/\/reis.partners\/wp-content\/uploads\/2021\/10\/boxen-1280x854.jpg 1280w, https:\/\/reis.partners\/wp-content\/uploads\/2021\/10\/boxen-1920x1281.jpg 1920w\" sizes=\"auto, (max-width: 2560px) 100vw, 2560px\" \/><\/div><\/div><div class=\"nk-awb-wrap-content is-layout-constrained wp-block-nk-awb-is-layout-constrained\">\n<div class=\"wp-block-columns alignfull wrapper-box is-layout-flex wp-container-core-columns-is-layout-9d6595d7 wp-block-columns-is-layout-flex\">\n<div class=\"wp-block-column wrapper-left is-layout-flow wp-block-column-is-layout-flow\"><\/div>\n\n\n\n<div class=\"wp-block-column wrapper-center is-layout-flow wp-block-column-is-layout-flow\" style=\"flex-basis:880px\">\n<p>Un sparring-partner rigoureux. <br>Et g\u00e9n\u00e9reux.<\/p>\n<\/div>\n\n\n\n<div class=\"wp-block-column wrapper-right is-layout-flow wp-block-column-is-layout-flow\"><\/div>\n<\/div>\n<\/div><\/div>\n\n\n\n<h2 class=\"wp-block-heading\">Des conseils, et plus encore.<\/h2>\n\n\n\n<p>Le concept de conseil est loin de couvrir ce que nous faisons. REIS Partners aide les promoteurs \u00e0 bien faire ce qu\u2019il convient de faire. Nous sommes un sparring-partner externe et ind\u00e9pendant, nous posons des questions et remettons en question, nous apportons du savoir-faire et des solutions, nous sommes un compagnon et un chef de file exp\u00e9riment\u00e9, l\u2019avocat du diable et un coach exigeant. Disposant d\u2019un bon r\u00e9seau sur le march\u00e9 des capitaux. Privil\u00e9giant le long terme en mati\u00e8re de vision et d\u2019action. Et cultivant un partenariat d\u00e9di\u00e9 \u00e0 la r\u00e9ussite du d\u00e9veloppement.<\/p>\n\n\n\n<h2 class=\"wp-block-heading\">Nous sommes REIS Partners.<\/h2>\n\n\n<div class=\"wp-block-image aligncenter no-margin\">\n<figure class=\"size-large\"><img loading=\"lazy\" decoding=\"async\" width=\"1400\" height=\"933\" src=\"https:\/\/reis.partners\/wp-content\/uploads\/2021\/10\/210705_REIS_Boris_0102_final-1400x933.jpg\" alt=\"\" class=\"wp-image-152\" srcset=\"https:\/\/reis.partners\/wp-content\/uploads\/2021\/10\/210705_REIS_Boris_0102_final-1400x933.jpg 1400w, https:\/\/reis.partners\/wp-content\/uploads\/2021\/10\/210705_REIS_Boris_0102_final-450x300.jpg 450w, https:\/\/reis.partners\/wp-content\/uploads\/2021\/10\/210705_REIS_Boris_0102_final-300x200.jpg 300w, https:\/\/reis.partners\/wp-content\/uploads\/2021\/10\/210705_REIS_Boris_0102_final-768x512.jpg 768w, https:\/\/reis.partners\/wp-content\/uploads\/2021\/10\/210705_REIS_Boris_0102_final-1536x1024.jpg 1536w, https:\/\/reis.partners\/wp-content\/uploads\/2021\/10\/210705_REIS_Boris_0102_final-2048x1365.jpg 2048w, https:\/\/reis.partners\/wp-content\/uploads\/2021\/10\/210705_REIS_Boris_0102_final-500x333.jpg 500w, https:\/\/reis.partners\/wp-content\/uploads\/2021\/10\/210705_REIS_Boris_0102_final-800x533.jpg 800w, https:\/\/reis.partners\/wp-content\/uploads\/2021\/10\/210705_REIS_Boris_0102_final-1280x853.jpg 1280w, https:\/\/reis.partners\/wp-content\/uploads\/2021\/10\/210705_REIS_Boris_0102_final-1920x1280.jpg 1920w\" sizes=\"auto, (max-width: 1400px) 100vw, 1400px\" \/><\/figure>\n<\/div>\n\n\n<div class=\"wp-block-columns alignwide is-layout-flex wp-container-core-columns-is-layout-9d6595d7 wp-block-columns-is-layout-flex\">\n<div class=\"wp-block-column is-layout-flow wp-block-column-is-layout-flow\">\n<h3 class=\"wp-block-heading has-text-align-right\">TANER ALICEHIC<\/h3>\n\n\n\n<p class=\"has-text-align-right\">Co-Managing Partner<br><a href=\"mailto:alicehic@reis.partners\">alicehic@reis.partners<\/a><\/p>\n\n\n\n<p>Apr\u00e8s un dipl\u00f4me en physique \u00e0 l\u2019EPFL, Taner Alicehic travaille en 1999 dans le service de gestion de fortune de la Banque Cantonale Vaudoise. Il y contribue \u00e0 la mise en place d\u2019une unit\u00e9 consacr\u00e9e au d\u00e9veloppement de produits d\u2019investissement et au placement d\u2019actifs institutionnels dans des titres immobiliers suisses. En sa qualit\u00e9 de responsable de la gestion de portefeuille du centre de gestion des actifs, il a \u00e9galement en charge la strat\u00e9gie de communication et de marketing de ces produits. De 2006 \u00e0 2008, Taner dirige le d\u00e9partement de n\u00e9gociation des actions et des titres \u00e0 revenu fixe. Avec la cr\u00e9ation en 2010 de REIS Partners, Taner se sp\u00e9cialise dans le conseil et le d\u00e9veloppement de produits d\u2019investissement immobilier. <\/p>\n<\/div>\n\n\n\n<div class=\"wp-block-column is-layout-flow wp-block-column-is-layout-flow\">\n<h3 class=\"wp-block-heading\">BORIS GUGGENHEIM<\/h3>\n\n\n\n<p>Co-Managing Partner<br><a href=\"mailto:guggenheim@reis.partners\">guggenheim@reis.partners<\/a><\/p>\n\n\n\n<p>Boris Guggenheim commence sa carri\u00e8re professionnelle dans la vente et le marketing. Il acquiert, dans diverses entreprises, des connaissances et une exp\u00e9rience approfondies dans la distribution de produits financiers et le d\u00e9veloppement de nouveaux canaux de distribution. De 2007 \u00e0 2011, chez Swiss Finance &amp; Property, Boris conseille des clients institutionnels sur les strat\u00e9gies d\u2019investissement immobilier indirect en Suisse. Il est responsable des relations avec les investisseurs pour les fonds immobiliers de la SFP et contribue au d\u00e9veloppement des relations avec les investisseurs dans toute la Suisse. Boris rejoint REIS Partners en 2012 et conseille depuis des promoteurs de v\u00e9hicules d&rsquo;investissement immobilier et des investisseurs institutionnels.<\/p>\n<\/div>\n<\/div>\n\n\n\n<div style=\"height:100px\" aria-hidden=\"true\" class=\"wp-block-spacer\"><\/div>\n\n\n\n<div class=\"wp-block-media-text alignwide is-stacked-on-mobile is-vertically-aligned-top narrow-left\" style=\"grid-template-columns:40% auto\"><figure class=\"wp-block-media-text__media\"><img loading=\"lazy\" decoding=\"async\" width=\"911\" height=\"1400\" src=\"https:\/\/reis.partners\/wp-content\/uploads\/2023\/05\/CR_farbig_arme-verschraenkt-911x1400.jpg\" alt=\"\" class=\"wp-image-1137 size-full\" srcset=\"https:\/\/reis.partners\/wp-content\/uploads\/2023\/05\/CR_farbig_arme-verschraenkt-911x1400.jpg 911w, https:\/\/reis.partners\/wp-content\/uploads\/2023\/05\/CR_farbig_arme-verschraenkt-293x450.jpg 293w, https:\/\/reis.partners\/wp-content\/uploads\/2023\/05\/CR_farbig_arme-verschraenkt-195x300.jpg 195w, https:\/\/reis.partners\/wp-content\/uploads\/2023\/05\/CR_farbig_arme-verschraenkt-768x1180.jpg 768w, https:\/\/reis.partners\/wp-content\/uploads\/2023\/05\/CR_farbig_arme-verschraenkt-1000x1536.jpg 1000w, https:\/\/reis.partners\/wp-content\/uploads\/2023\/05\/CR_farbig_arme-verschraenkt-1333x2048.jpg 1333w, https:\/\/reis.partners\/wp-content\/uploads\/2023\/05\/CR_farbig_arme-verschraenkt-500x768.jpg 500w, https:\/\/reis.partners\/wp-content\/uploads\/2023\/05\/CR_farbig_arme-verschraenkt-800x1229.jpg 800w, https:\/\/reis.partners\/wp-content\/uploads\/2023\/05\/CR_farbig_arme-verschraenkt-1280x1966.jpg 1280w, https:\/\/reis.partners\/wp-content\/uploads\/2023\/05\/CR_farbig_arme-verschraenkt-1920x2950.jpg 1920w, https:\/\/reis.partners\/wp-content\/uploads\/2023\/05\/CR_farbig_arme-verschraenkt-scaled.jpg 1666w\" sizes=\"auto, (max-width: 911px) 100vw, 911px\" \/><\/figure><div class=\"wp-block-media-text__content\">\n<h3 class=\"wp-block-heading\">Claudio Rossi<\/h3>\n\n\n\n<p>Managing Director<br><a href=\"mailto:rossi@reis.partners\">rossi@reis.partners<\/a><\/p>\n\n\n\n<p>Claudio Rossi a plus de 15 ans d&rsquo;exp\u00e9rience dans les domaines de l&rsquo;immobilier, de la gestion d&rsquo;actifs et de la fintech. Durant cette p\u00e9riode, il a notamment particip\u00e9 \u00e0 la cr\u00e9ation et \u00e0 la vente r\u00e9ussie d&rsquo;une start-up et a r\u00e9alis\u00e9 d&rsquo;autres projets \u00e0 l&rsquo;interface entre tradition et technologie. Claudio a travaill\u00e9 pour une boutique de financement qui a mis en place avec succ\u00e8s des concepts de financement complets pour les propri\u00e9taires de biens immobiliers en Suisse. Derni\u00e8rement, Claudio Rossi a \u00e9t\u00e9 membre de la direction d&rsquo;Avobis, responsable du secteur Ventures, et a fait partie du comit\u00e9 d&rsquo;investissement d&rsquo;un Prop-Tech Venture Fund. Il a commenc\u00e9 sa carri\u00e8re \u00e0 l&rsquo;UBS Investment Bank. Claudio a fait ses \u00e9tudes \u00e0 l&rsquo;Universit\u00e9 de Saint-Gall (HSG) et \u00e0 Buenos Aires en finance, \u00e9conomie politique et relations internationales.<\/p>\n<\/div><\/div>\n","protected":false},"excerpt":{"rendered":"<p>Quiconque a l\u2019intention de d\u00e9velopper des produits de fonds immobiliers sera bien avis\u00e9 de s\u2019assurer le concours d\u2019un partenaire externe capable d\u2019amener une dose de punch suppl\u00e9mentaire. Sous forme d\u2019une expertise, d\u2019un r\u00e9seau et de la volont\u00e9 de donner et de recevoir de mani\u00e8re constructive. Avec la meilleure solution en ligne de mire. C\u2019est l\u00e0 [&hellip;]<\/p>\n","protected":false},"author":1,"featured_media":0,"parent":0,"menu_order":10,"comment_status":"closed","ping_status":"closed","template":"","meta":{"_acf_changed":false,"inline_featured_image":false,"footnotes":"","_links_to":"","_links_to_target":""},"class_list":["post-453","page","type-page","status-publish","hentry"],"acf":[],"yoast_head":"<!-- This site is optimized with the Yoast SEO plugin v27.1.1 - https:\/\/yoast.com\/product\/yoast-seo-wordpress\/ -->\n<title>Qui sommes-nous? - REIS Partners AG<\/title>\n<meta name=\"robots\" content=\"index, follow, max-snippet:-1, max-image-preview:large, max-video-preview:-1\" \/>\n<link rel=\"canonical\" href=\"https:\/\/reis.partners\/fr\/qui-sommes-nous\/\" \/>\n<meta property=\"og:locale\" content=\"fr_FR\" \/>\n<meta property=\"og:type\" content=\"article\" \/>\n<meta property=\"og:title\" content=\"Qui sommes-nous? - REIS Partners AG\" \/>\n<meta property=\"og:description\" content=\"Quiconque a l\u2019intention de d\u00e9velopper des produits de fonds immobiliers sera bien avis\u00e9 de s\u2019assurer le concours d\u2019un partenaire externe capable d\u2019amener une dose de punch suppl\u00e9mentaire. Sous forme d\u2019une expertise, d\u2019un r\u00e9seau et de la volont\u00e9 de donner et de recevoir de mani\u00e8re constructive. Avec la meilleure solution en ligne de mire. C\u2019est l\u00e0 [&hellip;]\" \/>\n<meta property=\"og:url\" content=\"https:\/\/reis.partners\/fr\/qui-sommes-nous\/\" \/>\n<meta property=\"og:site_name\" content=\"REIS Partners AG\" \/>\n<meta property=\"article:modified_time\" content=\"2025-07-09T13:14:02+00:00\" \/>\n<meta property=\"og:image\" content=\"https:\/\/reis.partners\/wp-content\/uploads\/2021\/10\/boxen-scaled.jpg\" \/>\n\t<meta property=\"og:image:width\" content=\"2560\" \/>\n\t<meta property=\"og:image:height\" content=\"1709\" \/>\n\t<meta property=\"og:image:type\" content=\"image\/jpeg\" \/>\n<meta name=\"twitter:card\" content=\"summary_large_image\" \/>\n<meta name=\"twitter:label1\" content=\"Dur\u00e9e de lecture estim\u00e9e\" \/>\n\t<meta name=\"twitter:data1\" content=\"4 minutes\" \/>\n<script type=\"application\/ld+json\" class=\"yoast-schema-graph\">{\"@context\":\"https:\/\/schema.org\",\"@graph\":[{\"@type\":\"WebPage\",\"@id\":\"https:\/\/reis.partners\/fr\/qui-sommes-nous\/\",\"url\":\"https:\/\/reis.partners\/fr\/qui-sommes-nous\/\",\"name\":\"Qui sommes-nous? - REIS Partners AG\",\"isPartOf\":{\"@id\":\"https:\/\/reis.partners\/fr\/#website\"},\"primaryImageOfPage\":{\"@id\":\"https:\/\/reis.partners\/fr\/qui-sommes-nous\/#primaryimage\"},\"image\":{\"@id\":\"https:\/\/reis.partners\/fr\/qui-sommes-nous\/#primaryimage\"},\"thumbnailUrl\":\"https:\/\/reis.partners\/wp-content\/uploads\/2021\/10\/boxen-scaled.jpg\",\"datePublished\":\"2021-11-01T13:41:52+00:00\",\"dateModified\":\"2025-07-09T13:14:02+00:00\",\"breadcrumb\":{\"@id\":\"https:\/\/reis.partners\/fr\/qui-sommes-nous\/#breadcrumb\"},\"inLanguage\":\"fr-FR\",\"potentialAction\":[{\"@type\":\"ReadAction\",\"target\":[\"https:\/\/reis.partners\/fr\/qui-sommes-nous\/\"]}]},{\"@type\":\"ImageObject\",\"inLanguage\":\"fr-FR\",\"@id\":\"https:\/\/reis.partners\/fr\/qui-sommes-nous\/#primaryimage\",\"url\":\"https:\/\/reis.partners\/wp-content\/uploads\/2021\/10\/boxen-scaled.jpg\",\"contentUrl\":\"https:\/\/reis.partners\/wp-content\/uploads\/2021\/10\/boxen-scaled.jpg\"},{\"@type\":\"BreadcrumbList\",\"@id\":\"https:\/\/reis.partners\/fr\/qui-sommes-nous\/#breadcrumb\",\"itemListElement\":[{\"@type\":\"ListItem\",\"position\":1,\"name\":\"Startseite\",\"item\":\"https:\/\/reis.partners\/fr\/\"},{\"@type\":\"ListItem\",\"position\":2,\"name\":\"Qui sommes-nous?\"}]},{\"@type\":\"WebSite\",\"@id\":\"https:\/\/reis.partners\/fr\/#website\",\"url\":\"https:\/\/reis.partners\/fr\/\",\"name\":\"REIS Partners AG\",\"description\":\"\",\"publisher\":{\"@id\":\"https:\/\/reis.partners\/fr\/#organization\"},\"potentialAction\":[{\"@type\":\"SearchAction\",\"target\":{\"@type\":\"EntryPoint\",\"urlTemplate\":\"https:\/\/reis.partners\/fr\/?s={search_term_string}\"},\"query-input\":{\"@type\":\"PropertyValueSpecification\",\"valueRequired\":true,\"valueName\":\"search_term_string\"}}],\"inLanguage\":\"fr-FR\"},{\"@type\":\"Organization\",\"@id\":\"https:\/\/reis.partners\/fr\/#organization\",\"name\":\"REIS Partners AG\",\"url\":\"https:\/\/reis.partners\/fr\/\",\"logo\":{\"@type\":\"ImageObject\",\"inLanguage\":\"fr-FR\",\"@id\":\"https:\/\/reis.partners\/fr\/#\/schema\/logo\/image\/\",\"url\":\"https:\/\/reis.partners\/wp-content\/uploads\/2021\/11\/reis-partners-logo-blue-rgb.png\",\"contentUrl\":\"https:\/\/reis.partners\/wp-content\/uploads\/2021\/11\/reis-partners-logo-blue-rgb.png\",\"width\":1225,\"height\":469,\"caption\":\"REIS Partners AG\"},\"image\":{\"@id\":\"https:\/\/reis.partners\/fr\/#\/schema\/logo\/image\/\"}}]}<\/script>\n<!-- \/ Yoast SEO plugin. -->","yoast_head_json":{"title":"Qui sommes-nous? - REIS Partners AG","robots":{"index":"index","follow":"follow","max-snippet":"max-snippet:-1","max-image-preview":"max-image-preview:large","max-video-preview":"max-video-preview:-1"},"canonical":"https:\/\/reis.partners\/fr\/qui-sommes-nous\/","og_locale":"fr_FR","og_type":"article","og_title":"Qui sommes-nous? - REIS Partners AG","og_description":"Quiconque a l\u2019intention de d\u00e9velopper des produits de fonds immobiliers sera bien avis\u00e9 de s\u2019assurer le concours d\u2019un partenaire externe capable d\u2019amener une dose de punch suppl\u00e9mentaire. Sous forme d\u2019une expertise, d\u2019un r\u00e9seau et de la volont\u00e9 de donner et de recevoir de mani\u00e8re constructive. Avec la meilleure solution en ligne de mire. C\u2019est l\u00e0 [&hellip;]","og_url":"https:\/\/reis.partners\/fr\/qui-sommes-nous\/","og_site_name":"REIS Partners AG","article_modified_time":"2025-07-09T13:14:02+00:00","og_image":[{"width":2560,"height":1709,"url":"https:\/\/reis.partners\/wp-content\/uploads\/2021\/10\/boxen-scaled.jpg","type":"image\/jpeg"}],"twitter_card":"summary_large_image","twitter_misc":{"Dur\u00e9e de lecture estim\u00e9e":"4 minutes"},"schema":{"@context":"https:\/\/schema.org","@graph":[{"@type":"WebPage","@id":"https:\/\/reis.partners\/fr\/qui-sommes-nous\/","url":"https:\/\/reis.partners\/fr\/qui-sommes-nous\/","name":"Qui sommes-nous? - REIS Partners AG","isPartOf":{"@id":"https:\/\/reis.partners\/fr\/#website"},"primaryImageOfPage":{"@id":"https:\/\/reis.partners\/fr\/qui-sommes-nous\/#primaryimage"},"image":{"@id":"https:\/\/reis.partners\/fr\/qui-sommes-nous\/#primaryimage"},"thumbnailUrl":"https:\/\/reis.partners\/wp-content\/uploads\/2021\/10\/boxen-scaled.jpg","datePublished":"2021-11-01T13:41:52+00:00","dateModified":"2025-07-09T13:14:02+00:00","breadcrumb":{"@id":"https:\/\/reis.partners\/fr\/qui-sommes-nous\/#breadcrumb"},"inLanguage":"fr-FR","potentialAction":[{"@type":"ReadAction","target":["https:\/\/reis.partners\/fr\/qui-sommes-nous\/"]}]},{"@type":"ImageObject","inLanguage":"fr-FR","@id":"https:\/\/reis.partners\/fr\/qui-sommes-nous\/#primaryimage","url":"https:\/\/reis.partners\/wp-content\/uploads\/2021\/10\/boxen-scaled.jpg","contentUrl":"https:\/\/reis.partners\/wp-content\/uploads\/2021\/10\/boxen-scaled.jpg"},{"@type":"BreadcrumbList","@id":"https:\/\/reis.partners\/fr\/qui-sommes-nous\/#breadcrumb","itemListElement":[{"@type":"ListItem","position":1,"name":"Startseite","item":"https:\/\/reis.partners\/fr\/"},{"@type":"ListItem","position":2,"name":"Qui sommes-nous?"}]},{"@type":"WebSite","@id":"https:\/\/reis.partners\/fr\/#website","url":"https:\/\/reis.partners\/fr\/","name":"REIS Partners AG","description":"","publisher":{"@id":"https:\/\/reis.partners\/fr\/#organization"},"potentialAction":[{"@type":"SearchAction","target":{"@type":"EntryPoint","urlTemplate":"https:\/\/reis.partners\/fr\/?s={search_term_string}"},"query-input":{"@type":"PropertyValueSpecification","valueRequired":true,"valueName":"search_term_string"}}],"inLanguage":"fr-FR"},{"@type":"Organization","@id":"https:\/\/reis.partners\/fr\/#organization","name":"REIS Partners AG","url":"https:\/\/reis.partners\/fr\/","logo":{"@type":"ImageObject","inLanguage":"fr-FR","@id":"https:\/\/reis.partners\/fr\/#\/schema\/logo\/image\/","url":"https:\/\/reis.partners\/wp-content\/uploads\/2021\/11\/reis-partners-logo-blue-rgb.png","contentUrl":"https:\/\/reis.partners\/wp-content\/uploads\/2021\/11\/reis-partners-logo-blue-rgb.png","width":1225,"height":469,"caption":"REIS Partners AG"},"image":{"@id":"https:\/\/reis.partners\/fr\/#\/schema\/logo\/image\/"}}]}},"_links":{"self":[{"href":"https:\/\/reis.partners\/fr\/wp-json\/wp\/v2\/pages\/453","targetHints":{"allow":["GET"]}}],"collection":[{"href":"https:\/\/reis.partners\/fr\/wp-json\/wp\/v2\/pages"}],"about":[{"href":"https:\/\/reis.partners\/fr\/wp-json\/wp\/v2\/types\/page"}],"author":[{"embeddable":true,"href":"https:\/\/reis.partners\/fr\/wp-json\/wp\/v2\/users\/1"}],"replies":[{"embeddable":true,"href":"https:\/\/reis.partners\/fr\/wp-json\/wp\/v2\/comments?post=453"}],"version-history":[{"count":20,"href":"https:\/\/reis.partners\/fr\/wp-json\/wp\/v2\/pages\/453\/revisions"}],"predecessor-version":[{"id":1523,"href":"https:\/\/reis.partners\/fr\/wp-json\/wp\/v2\/pages\/453\/revisions\/1523"}],"wp:attachment":[{"href":"https:\/\/reis.partners\/fr\/wp-json\/wp\/v2\/media?parent=453"}],"curies":[{"name":"wp","href":"https:\/\/api.w.org\/{rel}","templated":true}]}}