{"id":451,"date":"2021-11-01T14:35:21","date_gmt":"2021-11-01T13:35:21","guid":{"rendered":"https:\/\/new.reis.partners\/bienvenue-chez-reis-partners\/"},"modified":"2021-11-29T14:43:23","modified_gmt":"2021-11-29T13:43:23","slug":"bienvenue-chez-reis-partners","status":"publish","type":"page","link":"https:\/\/reis.partners\/fr\/","title":{"rendered":"Bienvenue chez REIS Partners"},"content":{"rendered":"\n<p class=\"has-medium-font-size\">Notre c\u0153ur de m\u00e9tier est le conseil en march\u00e9 des capitaux et finance d\u2019entreprise pour tous types de produits d\u2019investissement immobilier suisses.<\/p>\n\n<p class=\"has-medium-font-size\">Nous mettons \u00e0 votre disposition de nombreuses ann\u00e9es d\u2019exp\u00e9rience en mati\u00e8re de conseil, structuration et ex\u00e9cution de transactions sur le march\u00e9 des capitaux, notamment pour les produits d\u2019investissement immobilier r\u00e9glement\u00e9s par la LPCC.<\/p>\n\n<p class=\"has-medium-font-size\">Nous sommes ravis de votre visite.<\/p>\n\n<div class=\"wp-block-nk-awb nk-awb  alignfull nk-awb-Z2g3S5S\"><div class=\"nk-awb-wrap\" data-awb-type=\"image\" data-awb-image-background-size=\"cover\" data-awb-image-background-position=\"20% 63%\" data-awb-parallax=\"scroll\" data-awb-parallax-speed=\"0.5\" data-awb-parallax-mobile=\"false\"><div class=\"nk-awb-inner\"><img loading=\"lazy\" decoding=\"async\" src=\"https:\/\/reis.partners\/wp-content\/uploads\/2021\/10\/rudern_sw-scaled.jpg\" class=\"wp-image-424 jarallax-img is-layout-constrained wp-block-nk-awb-is-layout-constrained\" width=\"2560\" height=\"1317\" srcset=\"https:\/\/reis.partners\/wp-content\/uploads\/2021\/10\/rudern_sw-scaled.jpg 2560w, https:\/\/reis.partners\/wp-content\/uploads\/2021\/10\/rudern_sw-450x231.jpg 450w, https:\/\/reis.partners\/wp-content\/uploads\/2021\/10\/rudern_sw-1400x720.jpg 1400w, https:\/\/reis.partners\/wp-content\/uploads\/2021\/10\/rudern_sw-300x154.jpg 300w, https:\/\/reis.partners\/wp-content\/uploads\/2021\/10\/rudern_sw-768x395.jpg 768w, https:\/\/reis.partners\/wp-content\/uploads\/2021\/10\/rudern_sw-1536x790.jpg 1536w, https:\/\/reis.partners\/wp-content\/uploads\/2021\/10\/rudern_sw-2048x1053.jpg 2048w, https:\/\/reis.partners\/wp-content\/uploads\/2021\/10\/rudern_sw-500x257.jpg 500w, https:\/\/reis.partners\/wp-content\/uploads\/2021\/10\/rudern_sw-800x411.jpg 800w, https:\/\/reis.partners\/wp-content\/uploads\/2021\/10\/rudern_sw-1280x658.jpg 1280w, https:\/\/reis.partners\/wp-content\/uploads\/2021\/10\/rudern_sw-1920x988.jpg 1920w\" sizes=\"auto, (max-width: 2560px) 100vw, 2560px\" \/><\/div><\/div>\n<div class=\"wp-block-columns alignfull wrapper-box is-layout-flex wp-container-core-columns-is-layout-9d6595d7 wp-block-columns-is-layout-flex\">\n<div class=\"wp-block-column wrapper-left is-layout-flow wp-block-column-is-layout-flow\"><\/div>\n\n\n\n<div class=\"wp-block-column wrapper-center is-layout-flow wp-block-column-is-layout-flow\" style=\"flex-basis:880px\">\n<p>Nous sommes \u00e0 vos c\u00f4t\u00e9s. <br\/>Pour d\u00e9velopper avec succ\u00e8s des fonds immobiliers.<\/p>\n<\/div>\n\n\n\n<div class=\"wp-block-column wrapper-right is-layout-flow wp-block-column-is-layout-flow\"><\/div>\n<\/div>\n<\/div>\n\n<h2 class=\"wp-block-heading\">News<\/h2>\n\n<div class=\"wp-block-group alignwide\"><div class=\"wp-block-group__inner-container is-layout-flow wp-block-group-is-layout-flow\"><div class=\"pt-cv-wrapper\"><div class=\"pt-cv-view pt-cv-grid pt-cv-colsys pt-cv-same-height\" id=\"pt-cv-view-ad4ecf9fnd\"><div data-id=\"pt-cv-page-1\" class=\"pt-cv-page\" data-cvc=\"4\" data-cvct=\"2\" data-cvcm=\"2\"><div class=\"col-md-3 col-sm-6 col-xs-6 pt-cv-content-item pt-cv-1-col\"  data-pid=\"1534\"><div class='pt-cv-ifield'><div class=\"pt-cv-meta-fields\"><span class=\"entry-date\"> <time datetime=\"2025-10-07T09:04:52+02:00\">07. octobre 2025<\/time><\/span><\/div>\n<h4 class=\"pt-cv-title\"><a href=\"https:\/\/reis.partners\/fr\/procimmo-real-estate-sicav-industrial-informations-detaillees-pour-laugmentation-de-capital-a-venir\/\" class=\"_self cvplbd\" target=\"_self\" >Procimmo Real Estate SICAV \u2013 Industrial : informations d\u00e9taill\u00e9es pour l\u2019augmentation de capital \u00e0 venir<\/a><\/h4>\n<div class=\"pt-cv-content\">La Direction de fonds, PROCIMMO SA, a l\u2019intention de lever sur le march\u00e9 des capitaux environ CHF 145 millions correspondant \u00e0 l\u2019\u00e9mission de 1'047'100 nouvelles actions.<br \/><div class=\"pt-cv-rmwrap\"><a href=\"https:\/\/reis.partners\/fr\/procimmo-real-estate-sicav-industrial-informations-detaillees-pour-laugmentation-de-capital-a-venir\/\" class=\"_self pt-cv-readmore btn btn-success cvplbd\" target=\"_self\">Weiterlesen<\/a><\/div><\/div><\/div><\/div>\n<div class=\"col-md-3 col-sm-6 col-xs-6 pt-cv-content-item pt-cv-1-col\"  data-pid=\"1527\"><div class='pt-cv-ifield'><div class=\"pt-cv-meta-fields\"><span class=\"entry-date\"> <time datetime=\"2025-10-06T18:12:30+02:00\">06. octobre 2025<\/time><\/span><\/div>\n<h4 class=\"pt-cv-title\"><a href=\"https:\/\/reis.partners\/fr\/comunus-sicav-succes-de-laugmentation-de-capital\/\" class=\"_self cvplbd\" target=\"_self\" >Comunus SICAV: \u00a0succ\u00e8s de l\u2019augmentation de capital<\/a><\/h4>\n<div class=\"pt-cv-content\">Comunus SICAV l\u00e8ve CHF 70 millions avant la cotation du Fonds le 8 octobre 2025<br \/><div class=\"pt-cv-rmwrap\"><a href=\"https:\/\/reis.partners\/fr\/comunus-sicav-succes-de-laugmentation-de-capital\/\" class=\"_self pt-cv-readmore btn btn-success cvplbd\" target=\"_self\">Weiterlesen<\/a><\/div><\/div><\/div><\/div>\n<div class=\"col-md-3 col-sm-6 col-xs-6 pt-cv-content-item pt-cv-1-col\"  data-pid=\"1503\"><div class='pt-cv-ifield'><div class=\"pt-cv-meta-fields\"><span class=\"entry-date\"> <time datetime=\"2025-06-26T08:40:58+02:00\">26. juin 2025<\/time><\/span><\/div>\n<h4 class=\"pt-cv-title\"><a href=\"https:\/\/reis.partners\/fr\/procimmo-real-estate-sicav-commercial-pk-ex-p56-augmentation-de-capital-reussie-et-entierement-souscrite\/\" class=\"_self cvplbd\" target=\"_self\" >Procimmo Real Estate SICAV &#8211; Commercial PK (ex-P56) : augmentation de capital r\u00e9ussie et enti\u00e8rement souscrite<\/a><\/h4>\n<div class=\"pt-cv-content\">La Direction de fonds Procimmo SA vient de lever avec succ\u00e8s environ CHF 53.2 millions pour le compartiment investisseurs \u00ab Commercial PK \u00bb de Procimmo Real Estate SICAV.<br \/><div class=\"pt-cv-rmwrap\"><a href=\"https:\/\/reis.partners\/fr\/procimmo-real-estate-sicav-commercial-pk-ex-p56-augmentation-de-capital-reussie-et-entierement-souscrite\/\" class=\"_self pt-cv-readmore btn btn-success cvplbd\" target=\"_self\">Weiterlesen<\/a><\/div><\/div><\/div><\/div>\n<div class=\"col-md-3 col-sm-6 col-xs-6 pt-cv-content-item pt-cv-1-col\"  data-pid=\"1500\"><div class='pt-cv-ifield'><div class=\"pt-cv-meta-fields\"><span class=\"entry-date\"> <time datetime=\"2025-06-26T08:37:04+02:00\">26. juin 2025<\/time><\/span><\/div>\n<h4 class=\"pt-cv-title\"><a href=\"https:\/\/reis.partners\/fr\/procimmo-real-estate-sicav-residential-pk-ex-i56-augmentation-de-capital-reussie-et-sursouscrite\/\" class=\"_self cvplbd\" target=\"_self\" >Procimmo Real Estate SICAV &#8211; Residential PK (ex-I56) : augmentation de capital r\u00e9ussie et sursouscrite<\/a><\/h4>\n<div class=\"pt-cv-content\">La Direction de fonds Procimmo SA vient de lever avec succ\u00e8s plus de CHF 67.2 millions pour le compartiment investisseurs \u00ab Residential PK \u00bb de Procimmo Real Estate SICAV. L\u2019augmentation de capital a \u00e9t\u00e9 largement sursouscrite. En plus d\u2019une participation importante des investisseurs existants, de nouveaux investisseurs ont \u00e9galement pris part \u00e0 l\u2019augmentation de capital.<br \/><div class=\"pt-cv-rmwrap\"><a href=\"https:\/\/reis.partners\/fr\/procimmo-real-estate-sicav-residential-pk-ex-i56-augmentation-de-capital-reussie-et-sursouscrite\/\" class=\"_self pt-cv-readmore btn btn-success cvplbd\" target=\"_self\">Weiterlesen<\/a><\/div><\/div><\/div><\/div>\n<div class=\"col-md-3 col-sm-6 col-xs-6 pt-cv-content-item pt-cv-1-col\"  data-pid=\"1484\"><div class='pt-cv-ifield'><div class=\"pt-cv-meta-fields\"><span class=\"entry-date\"> <time datetime=\"2025-06-10T08:16:32+02:00\">10. juin 2025<\/time><\/span><\/div>\n<h4 class=\"pt-cv-title\"><a href=\"https:\/\/reis.partners\/fr\/cronos-immo-fund-succes-de-laugmentation-de-capital-chf-58-millions-ont-ete-leves\/\" class=\"_self cvplbd\" target=\"_self\" >Comunus SICAV: \u00a0succ\u00e8s de l\u2019augmentation de capital &#8211; CHF 58 millions ont \u00e9t\u00e9 lev\u00e9s<\/a><\/h4>\n<div class=\"pt-cv-content\">Comunus SICAV l\u00e8ve CHF 58 millions et franchit un nouveau cap dans son d\u00e9veloppement.<br \/><div class=\"pt-cv-rmwrap\"><a href=\"https:\/\/reis.partners\/fr\/cronos-immo-fund-succes-de-laugmentation-de-capital-chf-58-millions-ont-ete-leves\/\" class=\"_self pt-cv-readmore btn btn-success cvplbd\" target=\"_self\">Weiterlesen<\/a><\/div><\/div><\/div><\/div>\n<div class=\"col-md-3 col-sm-6 col-xs-6 pt-cv-content-item pt-cv-1-col\"  data-pid=\"1454\"><div class='pt-cv-ifield'><div class=\"pt-cv-meta-fields\"><span class=\"entry-date\"> <time datetime=\"2025-02-27T18:28:10+01:00\">27. f\u00e9vrier 2025<\/time><\/span><\/div>\n<h4 class=\"pt-cv-title\"><a href=\"https:\/\/reis.partners\/fr\/cronos-immo-fund-un-echo-positif-aupres-des-investisseurs\/\" class=\"_self cvplbd\" target=\"_self\" >Cronos Immo Fund : un \u00e9cho positif aupr\u00e8s des investisseurs<\/a><\/h4>\n<div class=\"pt-cv-content\">\u00c0 Pully, Cronos Finance SA, soci\u00e9t\u00e9 suisse de gestion de patrimoine agr\u00e9\u00e9e par la FINMA, agissant en tant que direction du fonds Cronos Immo Fund, communique aujourd\u2019hui le r\u00e9sultat de sa r\u00e9cente et nouvelle augmentation de capital.<br \/><div class=\"pt-cv-rmwrap\"><a href=\"https:\/\/reis.partners\/fr\/cronos-immo-fund-un-echo-positif-aupres-des-investisseurs\/\" class=\"_self pt-cv-readmore btn btn-success cvplbd\" target=\"_self\">Weiterlesen<\/a><\/div><\/div><\/div><\/div><\/div><\/div><\/div>\t\t\t<style type=\"text\/css\" id=\"pt-cv-inline-style-e9b45cfard\">#pt-cv-view-ad4ecf9fnd .pt-cv-content-item { padding-top: 10px !important; padding-right: 10px !important; padding-bottom: 10px !important; padding-left: 10px !important; }\n#pt-cv-view-ad4ecf9fnd  { margin-right: -10px !important; margin-left: -10px !important; }\n#pt-cv-view-ad4ecf9fnd .pt-cv-ifield { padding-top: 10px !important; padding-right: 10px !important; padding-bottom: 5px !important; padding-left: 10px !important; }\n#pt-cv-view-ad4ecf9fnd  .pt-cv-ifield   { background-color: #d6dbe3 !important; }\n#pt-cv-view-ad4ecf9fnd .pt-cv-title a, #pt-cv-view-ad4ecf9fnd  .panel-title { font-style: italic !important; text-transform: uppercase !important; line-height: 1 !important; }\n#pt-cv-view-ad4ecf9fnd .pt-cv-meta-fields * { color: #000000 !important; }\n#pt-cv-view-ad4ecf9fnd .pt-cv-readmore  { font-style: italic !important; color: #000000 !important; text-decoration: underline !important; right: 0 !important; display: inline-block !important; text-align: right !important; clear: both !important; }\n#pt-cv-view-ad4ecf9fnd .pt-cv-readmore:hover  { color: #5b7091 !important; }<\/style>\r\n\t\t\t\n<\/div><\/div>\n","protected":false},"excerpt":{"rendered":"<p>Notre c\u0153ur de m\u00e9tier est le conseil en march\u00e9 des capitaux et finance d\u2019entreprise pour tous types de produits d\u2019investissement immobilier suisses. Nous mettons \u00e0 votre disposition de nombreuses ann\u00e9es d\u2019exp\u00e9rience en mati\u00e8re de conseil, structuration et ex\u00e9cution de transactions sur le march\u00e9 des capitaux, notamment pour les produits d\u2019investissement immobilier r\u00e9glement\u00e9s par la LPCC. [&hellip;]<\/p>\n","protected":false},"author":1,"featured_media":0,"parent":0,"menu_order":0,"comment_status":"closed","ping_status":"closed","template":"","meta":{"_acf_changed":false,"inline_featured_image":false,"footnotes":"","_links_to":"","_links_to_target":""},"class_list":["post-451","page","type-page","status-publish","hentry"],"acf":[],"yoast_head":"<!-- This site is optimized with the Yoast SEO plugin v27.1.1 - https:\/\/yoast.com\/product\/yoast-seo-wordpress\/ -->\n<title>Bienvenue chez REIS Partners - REIS Partners AG - Zoug Zurich Suisse<\/title>\n<meta name=\"description\" content=\"Notre c\u0153ur de m\u00e9tier est le conseil en march\u00e9 des capitaux et finance d\u2019entreprise pour tous types de produits d\u2019investissement immobilier suisses.\" \/>\n<meta name=\"robots\" content=\"index, follow, max-snippet:-1, max-image-preview:large, max-video-preview:-1\" \/>\n<link rel=\"canonical\" href=\"https:\/\/reis.partners\/fr\/\" \/>\n<meta property=\"og:locale\" content=\"fr_FR\" \/>\n<meta property=\"og:type\" content=\"article\" \/>\n<meta property=\"og:title\" content=\"Bienvenue chez REIS Partners - REIS Partners AG - Zoug Zurich Suisse\" \/>\n<meta property=\"og:description\" content=\"Notre c\u0153ur de m\u00e9tier est le conseil en march\u00e9 des capitaux et finance d\u2019entreprise pour tous types de produits d\u2019investissement immobilier suisses.\" \/>\n<meta property=\"og:url\" content=\"https:\/\/reis.partners\/fr\/\" \/>\n<meta property=\"og:site_name\" content=\"REIS Partners AG\" \/>\n<meta property=\"article:modified_time\" content=\"2021-11-29T13:43:23+00:00\" \/>\n<meta property=\"og:image\" content=\"https:\/\/reis.partners\/wp-content\/uploads\/2021\/10\/rudern_sw-scaled.jpg\" \/>\n<meta name=\"twitter:card\" content=\"summary_large_image\" \/>\n<meta name=\"twitter:label1\" content=\"Dur\u00e9e de lecture estim\u00e9e\" \/>\n\t<meta name=\"twitter:data1\" content=\"1 minute\" \/>\n<script type=\"application\/ld+json\" class=\"yoast-schema-graph\">{\"@context\":\"https:\/\/schema.org\",\"@graph\":[{\"@type\":\"WebPage\",\"@id\":\"https:\/\/reis.partners\/fr\/\",\"url\":\"https:\/\/reis.partners\/fr\/\",\"name\":\"Bienvenue chez REIS Partners - REIS Partners AG - Zoug Zurich Suisse\",\"isPartOf\":{\"@id\":\"https:\/\/reis.partners\/fr\/#website\"},\"primaryImageOfPage\":{\"@id\":\"https:\/\/reis.partners\/fr\/#primaryimage\"},\"image\":{\"@id\":\"https:\/\/reis.partners\/fr\/#primaryimage\"},\"thumbnailUrl\":\"https:\/\/reis.partners\/wp-content\/uploads\/2021\/10\/rudern_sw-scaled.jpg\",\"datePublished\":\"2021-11-01T13:35:21+00:00\",\"dateModified\":\"2021-11-29T13:43:23+00:00\",\"description\":\"Notre c\u0153ur de m\u00e9tier est le conseil en march\u00e9 des capitaux et finance d\u2019entreprise pour tous types de produits d\u2019investissement immobilier suisses.\",\"breadcrumb\":{\"@id\":\"https:\/\/reis.partners\/fr\/#breadcrumb\"},\"inLanguage\":\"fr-FR\",\"potentialAction\":[{\"@type\":\"ReadAction\",\"target\":[\"https:\/\/reis.partners\/fr\/\"]}]},{\"@type\":\"ImageObject\",\"inLanguage\":\"fr-FR\",\"@id\":\"https:\/\/reis.partners\/fr\/#primaryimage\",\"url\":\"https:\/\/reis.partners\/wp-content\/uploads\/2021\/10\/rudern_sw-scaled.jpg\",\"contentUrl\":\"https:\/\/reis.partners\/wp-content\/uploads\/2021\/10\/rudern_sw-scaled.jpg\"},{\"@type\":\"BreadcrumbList\",\"@id\":\"https:\/\/reis.partners\/fr\/#breadcrumb\",\"itemListElement\":[{\"@type\":\"ListItem\",\"position\":1,\"name\":\"Startseite\",\"item\":\"https:\/\/reis.partners\/fr\/\"},{\"@type\":\"ListItem\",\"position\":2,\"name\":\"Bienvenue chez REIS Partners\"}]},{\"@type\":\"WebSite\",\"@id\":\"https:\/\/reis.partners\/fr\/#website\",\"url\":\"https:\/\/reis.partners\/fr\/\",\"name\":\"REIS Partners AG\",\"description\":\"\",\"publisher\":{\"@id\":\"https:\/\/reis.partners\/fr\/#organization\"},\"potentialAction\":[{\"@type\":\"SearchAction\",\"target\":{\"@type\":\"EntryPoint\",\"urlTemplate\":\"https:\/\/reis.partners\/fr\/?s={search_term_string}\"},\"query-input\":{\"@type\":\"PropertyValueSpecification\",\"valueRequired\":true,\"valueName\":\"search_term_string\"}}],\"inLanguage\":\"fr-FR\"},{\"@type\":\"Organization\",\"@id\":\"https:\/\/reis.partners\/fr\/#organization\",\"name\":\"REIS Partners AG\",\"url\":\"https:\/\/reis.partners\/fr\/\",\"logo\":{\"@type\":\"ImageObject\",\"inLanguage\":\"fr-FR\",\"@id\":\"https:\/\/reis.partners\/fr\/#\/schema\/logo\/image\/\",\"url\":\"https:\/\/reis.partners\/wp-content\/uploads\/2021\/11\/reis-partners-logo-blue-rgb.png\",\"contentUrl\":\"https:\/\/reis.partners\/wp-content\/uploads\/2021\/11\/reis-partners-logo-blue-rgb.png\",\"width\":1225,\"height\":469,\"caption\":\"REIS Partners AG\"},\"image\":{\"@id\":\"https:\/\/reis.partners\/fr\/#\/schema\/logo\/image\/\"}}]}<\/script>\n<!-- \/ Yoast SEO plugin. -->","yoast_head_json":{"title":"Bienvenue chez REIS Partners - REIS Partners AG - Zoug Zurich Suisse","description":"Notre c\u0153ur de m\u00e9tier est le conseil en march\u00e9 des capitaux et finance d\u2019entreprise pour tous types de produits d\u2019investissement immobilier suisses.","robots":{"index":"index","follow":"follow","max-snippet":"max-snippet:-1","max-image-preview":"max-image-preview:large","max-video-preview":"max-video-preview:-1"},"canonical":"https:\/\/reis.partners\/fr\/","og_locale":"fr_FR","og_type":"article","og_title":"Bienvenue chez REIS Partners - REIS Partners AG - Zoug Zurich Suisse","og_description":"Notre c\u0153ur de m\u00e9tier est le conseil en march\u00e9 des capitaux et finance d\u2019entreprise pour tous types de produits d\u2019investissement immobilier suisses.","og_url":"https:\/\/reis.partners\/fr\/","og_site_name":"REIS Partners AG","article_modified_time":"2021-11-29T13:43:23+00:00","og_image":[{"url":"https:\/\/reis.partners\/wp-content\/uploads\/2021\/10\/rudern_sw-scaled.jpg","type":"","width":"","height":""}],"twitter_card":"summary_large_image","twitter_misc":{"Dur\u00e9e de lecture estim\u00e9e":"1 minute"},"schema":{"@context":"https:\/\/schema.org","@graph":[{"@type":"WebPage","@id":"https:\/\/reis.partners\/fr\/","url":"https:\/\/reis.partners\/fr\/","name":"Bienvenue chez REIS Partners - REIS Partners AG - Zoug Zurich Suisse","isPartOf":{"@id":"https:\/\/reis.partners\/fr\/#website"},"primaryImageOfPage":{"@id":"https:\/\/reis.partners\/fr\/#primaryimage"},"image":{"@id":"https:\/\/reis.partners\/fr\/#primaryimage"},"thumbnailUrl":"https:\/\/reis.partners\/wp-content\/uploads\/2021\/10\/rudern_sw-scaled.jpg","datePublished":"2021-11-01T13:35:21+00:00","dateModified":"2021-11-29T13:43:23+00:00","description":"Notre c\u0153ur de m\u00e9tier est le conseil en march\u00e9 des capitaux et finance d\u2019entreprise pour tous types de produits d\u2019investissement immobilier suisses.","breadcrumb":{"@id":"https:\/\/reis.partners\/fr\/#breadcrumb"},"inLanguage":"fr-FR","potentialAction":[{"@type":"ReadAction","target":["https:\/\/reis.partners\/fr\/"]}]},{"@type":"ImageObject","inLanguage":"fr-FR","@id":"https:\/\/reis.partners\/fr\/#primaryimage","url":"https:\/\/reis.partners\/wp-content\/uploads\/2021\/10\/rudern_sw-scaled.jpg","contentUrl":"https:\/\/reis.partners\/wp-content\/uploads\/2021\/10\/rudern_sw-scaled.jpg"},{"@type":"BreadcrumbList","@id":"https:\/\/reis.partners\/fr\/#breadcrumb","itemListElement":[{"@type":"ListItem","position":1,"name":"Startseite","item":"https:\/\/reis.partners\/fr\/"},{"@type":"ListItem","position":2,"name":"Bienvenue chez REIS Partners"}]},{"@type":"WebSite","@id":"https:\/\/reis.partners\/fr\/#website","url":"https:\/\/reis.partners\/fr\/","name":"REIS Partners AG","description":"","publisher":{"@id":"https:\/\/reis.partners\/fr\/#organization"},"potentialAction":[{"@type":"SearchAction","target":{"@type":"EntryPoint","urlTemplate":"https:\/\/reis.partners\/fr\/?s={search_term_string}"},"query-input":{"@type":"PropertyValueSpecification","valueRequired":true,"valueName":"search_term_string"}}],"inLanguage":"fr-FR"},{"@type":"Organization","@id":"https:\/\/reis.partners\/fr\/#organization","name":"REIS Partners AG","url":"https:\/\/reis.partners\/fr\/","logo":{"@type":"ImageObject","inLanguage":"fr-FR","@id":"https:\/\/reis.partners\/fr\/#\/schema\/logo\/image\/","url":"https:\/\/reis.partners\/wp-content\/uploads\/2021\/11\/reis-partners-logo-blue-rgb.png","contentUrl":"https:\/\/reis.partners\/wp-content\/uploads\/2021\/11\/reis-partners-logo-blue-rgb.png","width":1225,"height":469,"caption":"REIS Partners AG"},"image":{"@id":"https:\/\/reis.partners\/fr\/#\/schema\/logo\/image\/"}}]}},"_links":{"self":[{"href":"https:\/\/reis.partners\/fr\/wp-json\/wp\/v2\/pages\/451","targetHints":{"allow":["GET"]}}],"collection":[{"href":"https:\/\/reis.partners\/fr\/wp-json\/wp\/v2\/pages"}],"about":[{"href":"https:\/\/reis.partners\/fr\/wp-json\/wp\/v2\/types\/page"}],"author":[{"embeddable":true,"href":"https:\/\/reis.partners\/fr\/wp-json\/wp\/v2\/users\/1"}],"replies":[{"embeddable":true,"href":"https:\/\/reis.partners\/fr\/wp-json\/wp\/v2\/comments?post=451"}],"version-history":[{"count":59,"href":"https:\/\/reis.partners\/fr\/wp-json\/wp\/v2\/pages\/451\/revisions"}],"predecessor-version":[{"id":753,"href":"https:\/\/reis.partners\/fr\/wp-json\/wp\/v2\/pages\/451\/revisions\/753"}],"wp:attachment":[{"href":"https:\/\/reis.partners\/fr\/wp-json\/wp\/v2\/media?parent=451"}],"curies":[{"name":"wp","href":"https:\/\/api.w.org\/{rel}","templated":true}]}}